{"id":1764,"date":"2024-11-14T17:18:13","date_gmt":"2024-11-14T09:18:13","guid":{"rendered":"https:\/\/urexceed.com\/?page_id=1764"},"modified":"2025-05-27T14:20:07","modified_gmt":"2025-05-27T06:20:07","slug":"projektablauf","status":"publish","type":"page","link":"https:\/\/urexceed.com\/de\/projektablauf\/","title":{"rendered":"Projektablauf"},"content":{"rendered":"<div data-elementor-type=\"wp-page\" data-elementor-id=\"1764\" class=\"elementor elementor-1764\" data-elementor-post-type=\"page\">\n\t\t\t\t\t\t<section class=\"elementor-section elementor-top-section elementor-element elementor-element-1a81bff elementor-section-height-min-height elementor-section-boxed elementor-section-height-default elementor-section-items-middle\" data-id=\"1a81bff\" data-element_type=\"section\" data-settings=\"{&quot;background_background&quot;:&quot;classic&quot;}\">\n\t\t\t\t\t\t\t<div class=\"elementor-background-overlay\"><\/div>\n\t\t\t\t\t\t\t<div class=\"elementor-container elementor-column-gap-default\">\n\t\t\t\t\t<div class=\"elementor-column elementor-col-100 elementor-top-column elementor-element elementor-element-55fb36a6\" data-id=\"55fb36a6\" data-element_type=\"column\">\n\t\t\t<div class=\"elementor-widget-wrap elementor-element-populated\">\n\t\t\t\t\t\t<div class=\"elementor-element elementor-element-771b80cb elementor-widget elementor-widget-elementskit-heading\" data-id=\"771b80cb\" data-element_type=\"widget\" data-widget_type=\"elementskit-heading.default\">\n\t\t\t\t<div class=\"elementor-widget-container\">\n\t\t\t\t\t<div class=\"ekit-wid-con\" ><div class=\"ekit-heading elementskit-section-title-wraper text_center   ekit_heading_tablet-   ekit_heading_mobile-\"><h1 class=\"ekit-heading--title elementskit-section-title\">Bestellvorgang<\/h1><\/div><\/div>\t\t\t\t<\/div>\n\t\t\t\t<\/div>\n\t\t\t\t\t<\/div>\n\t\t<\/div>\n\t\t\t\t\t<\/div>\n\t\t<\/section>\n\t\t\t\t<section class=\"elementor-section elementor-top-section elementor-element elementor-element-cdbec58 elementor-section-boxed elementor-section-height-default elementor-section-height-default\" data-id=\"cdbec58\" data-element_type=\"section\">\n\t\t\t\t\t\t<div class=\"elementor-container elementor-column-gap-default\">\n\t\t\t\t\t<div class=\"elementor-column elementor-col-100 elementor-top-column elementor-element elementor-element-2d01732\" data-id=\"2d01732\" data-element_type=\"column\">\n\t\t\t<div class=\"elementor-widget-wrap elementor-element-populated\">\n\t\t\t\t\t\t<div class=\"elementor-element elementor-element-7bc6b85 elementor-widget elementor-widget-timeline-widget-addon\" data-id=\"7bc6b85\" data-element_type=\"widget\" data-widget_type=\"timeline-widget-addon.default\">\n\t\t\t\t<div class=\"elementor-widget-container\">\n\t\t\t\t\t<!-- ========= Timeline Widget Addon For Elementor 1.6.8 ========= -->\n<div id=\"twae-wrapper-7bc6b85\" class=\"twae-vertical twae-wrapper  twae-both-sided\">   \n    <div class=\"twae-start\"><\/div>    \n    <div id=\"twea-timeline-7bc6b85\" class=\"twae-timeline\" ><!-- Start of Story Repeater Content --><div id=\"story-19456a2\" class=\"twae-story twae-repeater-item twae-story-right twae-story-no-icon\"><!-- Story Icon --><div class=\"twae-icon\"><i aria-hidden=\"true\" class=\"far fa-clock\"><\/i><\/div><!-- Story Arrow --><div class=\"twae-arrow\"><\/div><!-- Start of Story Content --><div class=\"twae-content\"><!-- Story Title --><div class=\"twae-title\">Anfragephase<\/div><!-- Story Image --><div class=\"twae-media large\"><img decoding=\"async\" width=\"800\" height=\"436\" src=\"https:\/\/urexceed.com\/wp-content\/uploads\/2024\/11\/202306061686019129459940.jpg\" class=\"attachment-large size-large\" alt=\"Anfragephase\" srcset=\"https:\/\/urexceed.com\/wp-content\/uploads\/2024\/11\/202306061686019129459940.jpg 1023w, https:\/\/urexceed.com\/wp-content\/uploads\/2024\/11\/202306061686019129459940-300x163.jpg 300w, https:\/\/urexceed.com\/wp-content\/uploads\/2024\/11\/202306061686019129459940-768x418.jpg 768w, https:\/\/urexceed.com\/wp-content\/uploads\/2024\/11\/202306061686019129459940-600x327.jpg 600w\" sizes=\"(max-width: 800px) 100vw, 800px\" \/><\/div><!-- Story Description --><div class=\"twae-description\"><ul><li>Kunden stellen Anfragen per Telefon, E-Mail oder \u00fcber eine Online-Plattform.<\/li><li>Das Vertriebsteam erfasst die Kundenw\u00fcnsche, einschlie\u00dflich Produktart, Spezifikationen, Menge, Liefertermin usw.<\/li><\/ul><\/div><\/div><\/div><!-- Start of Story Repeater Content --><div id=\"story-77798c2\" class=\"twae-story twae-repeater-item twae-story-left twae-story-no-icon\"><!-- Story Icon --><div class=\"twae-icon\"><i aria-hidden=\"true\" class=\"far fa-clock\"><\/i><\/div><!-- Story Arrow --><div class=\"twae-arrow\"><\/div><!-- Start of Story Content --><div class=\"twae-content\"><!-- Story Title --><div class=\"twae-title\">Anforderungen analysieren<\/div><!-- Story Image --><div class=\"twae-media large\"><img decoding=\"async\" width=\"700\" height=\"467\" src=\"https:\/\/urexceed.com\/wp-content\/uploads\/2024\/11\/5e2799ffa3101282064d549e.jpeg\" class=\"attachment-large size-large\" alt=\"Bedarfsanalyse\" srcset=\"https:\/\/urexceed.com\/wp-content\/uploads\/2024\/11\/5e2799ffa3101282064d549e.jpeg 700w, https:\/\/urexceed.com\/wp-content\/uploads\/2024\/11\/5e2799ffa3101282064d549e-300x200.jpeg 300w, https:\/\/urexceed.com\/wp-content\/uploads\/2024\/11\/5e2799ffa3101282064d549e-600x400.jpeg 600w\" sizes=\"(max-width: 700px) 100vw, 700px\" \/><\/div><!-- Story Description --><div class=\"twae-description\"><ul><li>Vertriebsmitarbeiter kommunizieren mit Kunden, um ein tiefes Verst\u00e4ndnis f\u00fcr deren spezifische Bed\u00fcrfnisse und Anwendungsszenarien zu erlangen.<\/li><li>Bieten Sie technischen Support und beantworten Sie Kundenfragen.<\/li><li>Erstellen Sie ROI-Berechnungen und f\u00fchren Sie Machbarkeitsstudien und Analysen von L\u00f6sungen auf der Grundlage von Kundenbudgets durch.<\/li><\/ul><\/div><\/div><\/div><!-- Start of Story Repeater Content --><div id=\"story-9b8cb9e\" class=\"twae-story twae-repeater-item twae-story-right twae-story-no-icon\"><!-- Story Icon --><div class=\"twae-icon\"><i aria-hidden=\"true\" class=\"far fa-clock\"><\/i><\/div><!-- Story Arrow --><div class=\"twae-arrow\"><\/div><!-- Start of Story Content --><div class=\"twae-content\"><!-- Story Title --><div class=\"twae-title\">Angebot und Plangestaltung<\/div><!-- Story Image --><div class=\"twae-media large\"><img decoding=\"async\" width=\"800\" height=\"532\" src=\"https:\/\/urexceed.com\/wp-content\/uploads\/2024\/11\/678a6e5997b0823d1d8b22b04f63f7e-1024x681.png\" class=\"attachment-large size-large\" alt=\"Entwurfsplan\" srcset=\"https:\/\/urexceed.com\/wp-content\/uploads\/2024\/11\/678a6e5997b0823d1d8b22b04f63f7e-1024x681.png 1024w, https:\/\/urexceed.com\/wp-content\/uploads\/2024\/11\/678a6e5997b0823d1d8b22b04f63f7e-300x200.png 300w, https:\/\/urexceed.com\/wp-content\/uploads\/2024\/11\/678a6e5997b0823d1d8b22b04f63f7e-768x511.png 768w, https:\/\/urexceed.com\/wp-content\/uploads\/2024\/11\/678a6e5997b0823d1d8b22b04f63f7e-600x399.png 600w, https:\/\/urexceed.com\/wp-content\/uploads\/2024\/11\/678a6e5997b0823d1d8b22b04f63f7e.png 1323w\" sizes=\"(max-width: 800px) 100vw, 800px\" \/><\/div><!-- Story Description --><div class=\"twae-description\"><ul><li>Erstellen Sie detaillierte Angebote auf der Grundlage der Kundenanforderungen, einschlie\u00dflich Produktpreisen, Transportkosten, Zahlungsbedingungen usw.<\/li><li>Bereitstellung technischer L\u00f6sungen, einschlie\u00dflich Maschinenkonfiguration, Produktionskapazit\u00e4tsanalyse usw.<\/li><\/ul><\/div><\/div><\/div><!-- Start of Story Repeater Content --><div id=\"story-e7378ae\" class=\"twae-story twae-repeater-item twae-story-left twae-story-no-icon\"><!-- Story Icon --><div class=\"twae-icon\"><i aria-hidden=\"true\" class=\"far fa-clock\"><\/i><\/div><!-- Story Arrow --><div class=\"twae-arrow\"><\/div><!-- Start of Story Content --><div class=\"twae-content\"><!-- Story Title --><div class=\"twae-title\">Vertragsunterzeichnung<\/div><!-- Story Image --><div class=\"twae-media large\"><img decoding=\"async\" width=\"800\" height=\"534\" src=\"https:\/\/urexceed.com\/wp-content\/uploads\/2024\/11\/contract-signing-1024x684.jpg\" class=\"attachment-large size-large\" alt=\"Kontaktsignatur\" srcset=\"https:\/\/urexceed.com\/wp-content\/uploads\/2024\/11\/contract-signing-1024x684.jpg 1024w, https:\/\/urexceed.com\/wp-content\/uploads\/2024\/11\/contract-signing-300x200.jpg 300w, https:\/\/urexceed.com\/wp-content\/uploads\/2024\/11\/contract-signing-768x513.jpg 768w, https:\/\/urexceed.com\/wp-content\/uploads\/2024\/11\/contract-signing-1536x1025.jpg 1536w, https:\/\/urexceed.com\/wp-content\/uploads\/2024\/11\/contract-signing-2048x1367.jpg 2048w, https:\/\/urexceed.com\/wp-content\/uploads\/2024\/11\/contract-signing-600x401.jpg 600w\" sizes=\"(max-width: 800px) 100vw, 800px\" \/><\/div><!-- Story Description --><div class=\"twae-description\"><ul><li>Nach Best\u00e4tigung des Angebots und der Planung durch den Kunden wird von beiden Parteien ein Kaufvertrag unterzeichnet.<\/li><li>Legen Sie Lieferzeit, Zahlungsmethode und Kundendienstbedingungen fest.<\/li><\/ul><\/div><\/div><\/div><!-- Start of Story Repeater Content --><div id=\"story-d622300\" class=\"twae-story twae-repeater-item twae-story-right twae-story-no-icon\"><!-- Story Icon --><div class=\"twae-icon\"><i aria-hidden=\"true\" class=\"far fa-clock\"><\/i><\/div><!-- Story Arrow --><div class=\"twae-arrow\"><\/div><!-- Start of Story Content --><div class=\"twae-content\"><!-- Story Title --><div class=\"twae-title\">Produktion und Lieferung<\/div><!-- Story Image --><div class=\"twae-media large\"><img decoding=\"async\" width=\"668\" height=\"419\" src=\"https:\/\/urexceed.com\/wp-content\/uploads\/2024\/11\/true-e1731568683475.jpg\" class=\"attachment-large size-large\" alt=\"Produktion und Lieferung\" srcset=\"https:\/\/urexceed.com\/wp-content\/uploads\/2024\/11\/true-e1731568683475.jpg 668w, https:\/\/urexceed.com\/wp-content\/uploads\/2024\/11\/true-e1731568683475-300x188.jpg 300w, https:\/\/urexceed.com\/wp-content\/uploads\/2024\/11\/true-e1731568683475-600x376.jpg 600w\" sizes=\"(max-width: 668px) 100vw, 668px\" \/><\/div><!-- Story Description --><div class=\"twae-description\"><ul><li>Vereinbaren Sie die Produktion gem\u00e4\u00df Vertrag, um Qualit\u00e4t und Lieferzeit sicherzustellen.<\/li><li>Geben Sie anhand von Gantt-Diagrammen regelm\u00e4\u00dfig Feedback zum Produktionsfortschritt und stellen Sie Produktionsbilder und -videos zur Verf\u00fcgung.<\/li><li>Nach Abschluss der Produktion wird eine Qualit\u00e4tskontrolle durchgef\u00fchrt und der Versand vorbereitet.<\/li><\/ul><\/div><\/div><\/div><!-- Start of Story Repeater Content --><div id=\"story-89a2062\" class=\"twae-story twae-repeater-item twae-story-left twae-story-no-icon\"><!-- Story Icon --><div class=\"twae-icon\"><i aria-hidden=\"true\" class=\"far fa-clock\"><\/i><\/div><!-- Story Arrow --><div class=\"twae-arrow\"><\/div><!-- Start of Story Content --><div class=\"twae-content\"><!-- Story Title --><div class=\"twae-title\">Testen (Pr\u00fcfen)<\/div><!-- Story Image --><div class=\"twae-media large\"><img decoding=\"async\" width=\"536\" height=\"330\" src=\"https:\/\/urexceed.com\/wp-content\/uploads\/2024\/11\/QQ20241114-154201.png\" class=\"attachment-large size-large\" alt=\"pr\u00fcfen\" srcset=\"https:\/\/urexceed.com\/wp-content\/uploads\/2024\/11\/QQ20241114-154201.png 536w, https:\/\/urexceed.com\/wp-content\/uploads\/2024\/11\/QQ20241114-154201-300x185.png 300w\" sizes=\"(max-width: 536px) 100vw, 536px\" \/><\/div><!-- Story Description --><div class=\"twae-description\"><ul><li>Stellen Sie bei Bedarf Rohstoffe f\u00fcr Produktionstests bereit, um zu \u00fcberpr\u00fcfen, ob die Ausr\u00fcstung (Form) den Produktionsanforderungen (Zeichnung) entspricht.<\/li><li>Nehmen Sie basierend auf dem Kundenfeedback die erforderlichen Anpassungen vor.<\/li><\/ul><\/div><\/div><\/div><!-- Start of Story Repeater Content --><div id=\"story-677a491\" class=\"twae-story twae-repeater-item twae-story-right twae-story-no-icon\"><!-- Story Icon --><div class=\"twae-icon\"><i aria-hidden=\"true\" class=\"far fa-clock\"><\/i><\/div><!-- Story Arrow --><div class=\"twae-arrow\"><\/div><!-- Start of Story Content --><div class=\"twae-content\"><!-- Story Title --><div class=\"twae-title\">Verpackung und Transport<\/div><!-- Story Image --><div class=\"twae-media large\"><img decoding=\"async\" width=\"800\" height=\"407\" src=\"https:\/\/urexceed.com\/wp-content\/uploads\/2024\/11\/packeging-1024x521.jpg\" class=\"attachment-large size-large\" alt=\"Verpackung und Transport\" srcset=\"https:\/\/urexceed.com\/wp-content\/uploads\/2024\/11\/packeging-1024x521.jpg 1024w, https:\/\/urexceed.com\/wp-content\/uploads\/2024\/11\/packeging-300x153.jpg 300w, https:\/\/urexceed.com\/wp-content\/uploads\/2024\/11\/packeging-768x391.jpg 768w, https:\/\/urexceed.com\/wp-content\/uploads\/2024\/11\/packeging-1536x781.jpg 1536w, https:\/\/urexceed.com\/wp-content\/uploads\/2024\/11\/packeging-2048x1042.jpg 2048w, https:\/\/urexceed.com\/wp-content\/uploads\/2024\/11\/packeging-600x305.jpg 600w\" sizes=\"(max-width: 800px) 100vw, 800px\" \/><\/div><!-- Story Description --><div class=\"twae-description\"><ul><li>W\u00e4hlen Sie je nach Transportmethode eine geeignete Verpackung und liefern Sie die Ger\u00e4te an den vom Kunden angegebenen Ort.<\/li><li>Nachverfolgung logistischer Informationen, um sicherzustellen, dass Kunden den Status der Waren jederzeit verstehen k\u00f6nnen.<\/li><\/ul><\/div><\/div><\/div><!-- Start of Story Repeater Content --><div id=\"story-4ac28eb\" class=\"twae-story twae-repeater-item twae-story-left twae-story-no-icon\"><!-- Story Icon --><div class=\"twae-icon\"><i aria-hidden=\"true\" class=\"far fa-clock\"><\/i><\/div><!-- Story Arrow --><div class=\"twae-arrow\"><\/div><!-- Start of Story Content --><div class=\"twae-content\"><!-- Story Title --><div class=\"twae-title\">Ankunftsbenachrichtigung<\/div><!-- Story Image --><div class=\"twae-media large\"><img decoding=\"async\" width=\"259\" height=\"194\" src=\"https:\/\/urexceed.com\/wp-content\/uploads\/2024\/11\/images-1.jpg\" class=\"attachment-large size-large\" alt=\"Ankunftsbenachrichtigung\" \/><\/div><!-- Story Description --><div class=\"twae-description\"><ul><li>Informieren Sie die Kunden \u00fcber die Ankunft der Ger\u00e4te und organisieren Sie das Entladen und die Lagerung.<\/li><li>Stellen Sie eine Ausr\u00fcstungspackliste und die zugeh\u00f6rige technische Dokumentation bereit.<\/li><\/ul><\/div><\/div><\/div><!-- Start of Story Repeater Content --><div id=\"story-821af78\" class=\"twae-story twae-repeater-item twae-story-right twae-story-no-icon\"><!-- Story Icon --><div class=\"twae-icon\"><i aria-hidden=\"true\" class=\"far fa-clock\"><\/i><\/div><!-- Story Arrow --><div class=\"twae-arrow\"><\/div><!-- Start of Story Content --><div class=\"twae-content\"><!-- Story Title --><div class=\"twae-title\">Installation und Fehlerbehebung<\/div><!-- Story Image --><div class=\"twae-media large\"><img decoding=\"async\" width=\"800\" height=\"600\" src=\"https:\/\/urexceed.com\/wp-content\/uploads\/2024\/11\/neck-rest-pillow-ring-production-line-machine.jpg\" class=\"attachment-large size-large\" alt=\"Installation und Fehlerbehebung\" srcset=\"https:\/\/urexceed.com\/wp-content\/uploads\/2024\/11\/neck-rest-pillow-ring-production-line-machine.jpg 800w, https:\/\/urexceed.com\/wp-content\/uploads\/2024\/11\/neck-rest-pillow-ring-production-line-machine-300x225.jpg 300w, https:\/\/urexceed.com\/wp-content\/uploads\/2024\/11\/neck-rest-pillow-ring-production-line-machine-768x576.jpg 768w, https:\/\/urexceed.com\/wp-content\/uploads\/2024\/11\/neck-rest-pillow-ring-production-line-machine-600x450.jpg 600w\" sizes=\"(max-width: 800px) 100vw, 800px\" \/><\/div><!-- Story Description --><div class=\"twae-description\"><ul><li>Vereinbaren Sie einen Termin f\u00fcr ein technisches Team, das die Ger\u00e4te vor Ort beim Kunden installiert.<\/li><li>F\u00fchren Sie eine Ger\u00e4tefehlerbehebung durch, um den normalen Betrieb der Ger\u00e4te sicherzustellen, und schulen Sie die Bediener.<\/li><\/ul><\/div><\/div><\/div><!-- Start of Story Repeater Content --><div id=\"story-1bed9ab\" class=\"twae-story twae-repeater-item twae-story-left twae-story-no-icon\"><!-- Story Icon --><div class=\"twae-icon\"><i aria-hidden=\"true\" class=\"far fa-clock\"><\/i><\/div><!-- Story Arrow --><div class=\"twae-arrow\"><\/div><!-- Start of Story Content --><div class=\"twae-content\"><!-- Story Title --><div class=\"twae-title\">Abnahme und Lieferung<\/div><!-- Story Image --><div class=\"twae-media large\"><img decoding=\"async\" width=\"800\" height=\"600\" src=\"https:\/\/urexceed.com\/wp-content\/uploads\/2024\/12\/Acceptance-And-Delivery.jpg\" class=\"attachment-large size-large\" alt=\"Abnahme und Lieferung\" srcset=\"https:\/\/urexceed.com\/wp-content\/uploads\/2024\/12\/Acceptance-And-Delivery.jpg 854w, https:\/\/urexceed.com\/wp-content\/uploads\/2024\/12\/Acceptance-And-Delivery-300x225.jpg 300w, https:\/\/urexceed.com\/wp-content\/uploads\/2024\/12\/Acceptance-And-Delivery-768x576.jpg 768w, https:\/\/urexceed.com\/wp-content\/uploads\/2024\/12\/Acceptance-And-Delivery-600x450.jpg 600w\" sizes=\"(max-width: 800px) 100vw, 800px\" \/><\/div><!-- Story Description --><div class=\"twae-description\"><ul><li>F\u00fchren Sie gemeinsam mit den Kunden eine Ger\u00e4teabnahme durch, um zu best\u00e4tigen, dass die Ger\u00e4te die Vertragsanforderungen erf\u00fcllen.<\/li><li>\u00dcbergeben Sie die Ausr\u00fcstung offiziell und unterzeichnen Sie die entsprechenden Dokumente.<\/li><\/ul><\/div><\/div><\/div><!-- Start of Story Repeater Content --><div id=\"story-2af4246\" class=\"twae-story twae-repeater-item twae-story-right twae-story-no-icon\"><!-- Story Icon --><div class=\"twae-icon\"><i aria-hidden=\"true\" class=\"far fa-clock\"><\/i><\/div><!-- Story Arrow --><div class=\"twae-arrow\"><\/div><!-- Start of Story Content --><div class=\"twae-content\"><!-- Story Title --><div class=\"twae-title\">Kundendienst<\/div><!-- Story Image --><div class=\"twae-media large\"><img decoding=\"async\" width=\"800\" height=\"365\" src=\"https:\/\/urexceed.com\/wp-content\/uploads\/2024\/11\/20889-good-feedback-customer-service-1024x467.png\" class=\"attachment-large size-large\" alt=\"Kundendienst\" srcset=\"https:\/\/urexceed.com\/wp-content\/uploads\/2024\/11\/20889-good-feedback-customer-service-1024x467.png 1024w, https:\/\/urexceed.com\/wp-content\/uploads\/2024\/11\/20889-good-feedback-customer-service-768x350.png 768w\" sizes=\"(max-width: 800px) 100vw, 800px\" \/><\/div><!-- Story Description --><div class=\"twae-description\"><ul><li>Es werden einj\u00e4hriger Garantieservice und ein regelm\u00e4\u00dfiger Wartungsplan bereitgestellt.<\/li><li>Wenn Kunden auf Probleme sto\u00dfen, bieten wir technischen Support und Dienste zur Fehlerbehebung an.<\/li><\/ul><\/div><\/div><\/div><!-- Start of Story Repeater Content --><div id=\"story-7a80189\" class=\"twae-story twae-repeater-item twae-story-left twae-story-no-icon\"><!-- Story Icon --><div class=\"twae-icon\"><i aria-hidden=\"true\" class=\"far fa-clock\"><\/i><\/div><!-- Story Arrow --><div class=\"twae-arrow\"><\/div><!-- Start of Story Content --><div class=\"twae-content\"><!-- Story Title --><div class=\"twae-title\">Kundenfeedback und Beziehungspflege<\/div><!-- Story Image --><div class=\"twae-media large\"><img decoding=\"async\" width=\"275\" height=\"183\" src=\"https:\/\/urexceed.com\/wp-content\/uploads\/2024\/11\/images-2-1.jpg\" class=\"attachment-large size-large\" alt=\"Kundenfeedback und Beziehungspflege\" \/><\/div><!-- Story Description --><div class=\"twae-description\"><ul><li>Alle 3 Monate erneute Besuche bei Kunden, um die Funktionsweise der Ger\u00e4te und die Kundenzufriedenheit zu verstehen.<\/li><li>Sammeln Sie Kundenfeedback als Grundlage f\u00fcr sp\u00e4tere Produktverbesserungen und Serviceoptimierungen.<\/li><li>Helfen Sie Kunden bei der Entwicklung realisierbarer Marketingpl\u00e4ne und l\u00f6sen Sie Kundenverkaufsprobleme<\/li><\/ul><\/div><\/div><\/div><\/div>\n    <div class=\"twae-end\"><\/div>\n    <\/div><style type=\"text\/css\">@media (max-width: 1024px){ .twae-wrapper{--tw-ybx-size: 80px !important;}}@media (max-width: 767px){ .twae-wrapper{--tw-ybx-size: 80px !important}}<\/style>\t\t\t\t<\/div>\n\t\t\t\t<\/div>\n\t\t\t\t\t<\/div>\n\t\t<\/div>\n\t\t\t\t\t<\/div>\n\t\t<\/section>\n\t\t\t\t<\/div>","protected":false},"excerpt":{"rendered":"<p>Order Process Inquiry stageCustomers initiate inquiries via phone, email or online platform.The sales team records customer needs, including product type, specifications, quantity, delivery date, etc.Analyze RequirementsSales staff communicate with customers to gain an in-depth understanding of their specific needs and application scenarios.Provide technical support and answer customer questions.Provide ROI calculations and conduct feasibility studies and [&hellip;]<\/p>","protected":false},"author":1,"featured_media":0,"parent":0,"menu_order":0,"comment_status":"closed","ping_status":"closed","template":"","meta":{"_seopress_robots_primary_cat":"","_seopress_titles_title":"","_seopress_titles_desc":"","_seopress_robots_index":"","footnotes":""},"class_list":["post-1764","page","type-page","status-publish","hentry"],"_seopress_analysis_target_kw":null,"_seopress_titles_desc":null,"_links":{"self":[{"href":"https:\/\/urexceed.com\/de\/wp-json\/wp\/v2\/pages\/1764","targetHints":{"allow":["GET"]}}],"collection":[{"href":"https:\/\/urexceed.com\/de\/wp-json\/wp\/v2\/pages"}],"about":[{"href":"https:\/\/urexceed.com\/de\/wp-json\/wp\/v2\/types\/page"}],"author":[{"embeddable":true,"href":"https:\/\/urexceed.com\/de\/wp-json\/wp\/v2\/users\/1"}],"replies":[{"embeddable":true,"href":"https:\/\/urexceed.com\/de\/wp-json\/wp\/v2\/comments?post=1764"}],"version-history":[{"count":16,"href":"https:\/\/urexceed.com\/de\/wp-json\/wp\/v2\/pages\/1764\/revisions"}],"predecessor-version":[{"id":8573,"href":"https:\/\/urexceed.com\/de\/wp-json\/wp\/v2\/pages\/1764\/revisions\/8573"}],"wp:attachment":[{"href":"https:\/\/urexceed.com\/de\/wp-json\/wp\/v2\/media?parent=1764"}],"curies":[{"name":"wp","href":"https:\/\/api.w.org\/{rel}","templated":true}]}}