{"id":1764,"date":"2024-11-14T17:18:13","date_gmt":"2024-11-14T09:18:13","guid":{"rendered":"https:\/\/urexceed.com\/?page_id=1764"},"modified":"2025-05-27T14:20:07","modified_gmt":"2025-05-27T06:20:07","slug":"proceso-del-proyecto","status":"publish","type":"page","link":"https:\/\/urexceed.com\/es\/proceso-del-proyecto\/","title":{"rendered":"Proceso del proyecto"},"content":{"rendered":"<div data-elementor-type=\"wp-page\" data-elementor-id=\"1764\" class=\"elementor elementor-1764\" data-elementor-post-type=\"page\">\n\t\t\t\t\t\t<section class=\"elementor-section elementor-top-section elementor-element elementor-element-1a81bff elementor-section-height-min-height elementor-section-boxed elementor-section-height-default elementor-section-items-middle\" data-id=\"1a81bff\" data-element_type=\"section\" data-settings=\"{&quot;background_background&quot;:&quot;classic&quot;}\">\n\t\t\t\t\t\t\t<div class=\"elementor-background-overlay\"><\/div>\n\t\t\t\t\t\t\t<div class=\"elementor-container elementor-column-gap-default\">\n\t\t\t\t\t<div class=\"elementor-column elementor-col-100 elementor-top-column elementor-element elementor-element-55fb36a6\" data-id=\"55fb36a6\" data-element_type=\"column\">\n\t\t\t<div class=\"elementor-widget-wrap elementor-element-populated\">\n\t\t\t\t\t\t<div class=\"elementor-element elementor-element-771b80cb elementor-widget elementor-widget-elementskit-heading\" data-id=\"771b80cb\" data-element_type=\"widget\" data-widget_type=\"elementskit-heading.default\">\n\t\t\t\t<div class=\"elementor-widget-container\">\n\t\t\t\t\t<div class=\"ekit-wid-con\" ><div class=\"ekit-heading elementskit-section-title-wraper text_center   ekit_heading_tablet-   ekit_heading_mobile-\"><h1 class=\"ekit-heading--title elementskit-section-title\">Proceso de pedido<\/h1><\/div><\/div>\t\t\t\t<\/div>\n\t\t\t\t<\/div>\n\t\t\t\t\t<\/div>\n\t\t<\/div>\n\t\t\t\t\t<\/div>\n\t\t<\/section>\n\t\t\t\t<section class=\"elementor-section elementor-top-section elementor-element elementor-element-cdbec58 elementor-section-boxed elementor-section-height-default elementor-section-height-default\" data-id=\"cdbec58\" data-element_type=\"section\">\n\t\t\t\t\t\t<div class=\"elementor-container elementor-column-gap-default\">\n\t\t\t\t\t<div class=\"elementor-column elementor-col-100 elementor-top-column elementor-element elementor-element-2d01732\" data-id=\"2d01732\" data-element_type=\"column\">\n\t\t\t<div class=\"elementor-widget-wrap elementor-element-populated\">\n\t\t\t\t\t\t<div class=\"elementor-element elementor-element-7bc6b85 elementor-widget elementor-widget-timeline-widget-addon\" data-id=\"7bc6b85\" data-element_type=\"widget\" data-widget_type=\"timeline-widget-addon.default\">\n\t\t\t\t<div class=\"elementor-widget-container\">\n\t\t\t\t\t<!-- ========= Timeline Widget Addon For Elementor 1.6.8 ========= -->\n<div id=\"twae-wrapper-7bc6b85\" class=\"twae-vertical twae-wrapper  twae-both-sided\">   \n    <div class=\"twae-start\"><\/div>    \n    <div id=\"twea-timeline-7bc6b85\" class=\"twae-timeline\" ><!-- Start of Story Repeater Content --><div id=\"story-19456a2\" class=\"twae-story twae-repeater-item twae-story-right twae-story-no-icon\"><!-- Story Icon --><div class=\"twae-icon\"><i aria-hidden=\"true\" class=\"far fa-clock\"><\/i><\/div><!-- Story Arrow --><div class=\"twae-arrow\"><\/div><!-- Start of Story Content --><div class=\"twae-content\"><!-- Story Title --><div class=\"twae-title\">Etapa de indagaci\u00f3n<\/div><!-- Story Image --><div class=\"twae-media large\"><img decoding=\"async\" width=\"800\" height=\"436\" src=\"https:\/\/urexceed.com\/wp-content\/uploads\/2024\/11\/202306061686019129459940.jpg\" class=\"attachment-large size-large\" alt=\"Etapa de indagaci\u00f3n\" srcset=\"https:\/\/urexceed.com\/wp-content\/uploads\/2024\/11\/202306061686019129459940.jpg 1023w, https:\/\/urexceed.com\/wp-content\/uploads\/2024\/11\/202306061686019129459940-300x163.jpg 300w, https:\/\/urexceed.com\/wp-content\/uploads\/2024\/11\/202306061686019129459940-768x418.jpg 768w, https:\/\/urexceed.com\/wp-content\/uploads\/2024\/11\/202306061686019129459940-600x327.jpg 600w\" sizes=\"(max-width: 800px) 100vw, 800px\" \/><\/div><!-- Story Description --><div class=\"twae-description\"><ul><li>Los clientes inician consultas por tel\u00e9fono, correo electr\u00f3nico o plataforma en l\u00ednea.<\/li><li>El equipo de ventas registra las necesidades del cliente, incluido el tipo de producto, las especificaciones, la cantidad, la fecha de entrega, etc.<\/li><\/ul><\/div><\/div><\/div><!-- Start of Story Repeater Content --><div id=\"story-77798c2\" class=\"twae-story twae-repeater-item twae-story-left twae-story-no-icon\"><!-- Story Icon --><div class=\"twae-icon\"><i aria-hidden=\"true\" class=\"far fa-clock\"><\/i><\/div><!-- Story Arrow --><div class=\"twae-arrow\"><\/div><!-- Start of Story Content --><div class=\"twae-content\"><!-- Story Title --><div class=\"twae-title\">Analizar requisitos<\/div><!-- Story Image --><div class=\"twae-media large\"><img decoding=\"async\" width=\"700\" height=\"467\" src=\"https:\/\/urexceed.com\/wp-content\/uploads\/2024\/11\/5e2799ffa3101282064d549e.jpeg\" class=\"attachment-large size-large\" alt=\"An\u00e1lisis de necesidades\" srcset=\"https:\/\/urexceed.com\/wp-content\/uploads\/2024\/11\/5e2799ffa3101282064d549e.jpeg 700w, https:\/\/urexceed.com\/wp-content\/uploads\/2024\/11\/5e2799ffa3101282064d549e-300x200.jpeg 300w, https:\/\/urexceed.com\/wp-content\/uploads\/2024\/11\/5e2799ffa3101282064d549e-600x400.jpeg 600w\" sizes=\"(max-width: 700px) 100vw, 700px\" \/><\/div><!-- Story Description --><div class=\"twae-description\"><ul><li>El personal de ventas se comunica con los clientes para obtener una comprensi\u00f3n profunda de sus necesidades espec\u00edficas y escenarios de aplicaci\u00f3n.<\/li><li>Brindar soporte t\u00e9cnico y responder preguntas de los clientes.<\/li><li>Proporcionar c\u00e1lculos de ROI y realizar estudios de viabilidad y an\u00e1lisis de soluciones en funci\u00f3n de los presupuestos de los clientes.<\/li><\/ul><\/div><\/div><\/div><!-- Start of Story Repeater Content --><div id=\"story-9b8cb9e\" class=\"twae-story twae-repeater-item twae-story-right twae-story-no-icon\"><!-- Story Icon --><div class=\"twae-icon\"><i aria-hidden=\"true\" class=\"far fa-clock\"><\/i><\/div><!-- Story Arrow --><div class=\"twae-arrow\"><\/div><!-- Start of Story Content --><div class=\"twae-content\"><!-- Story Title --><div class=\"twae-title\">Cotizaci\u00f3n y dise\u00f1o de planes<\/div><!-- Story Image --><div class=\"twae-media large\"><img decoding=\"async\" width=\"800\" height=\"532\" src=\"https:\/\/urexceed.com\/wp-content\/uploads\/2024\/11\/678a6e5997b0823d1d8b22b04f63f7e-1024x681.png\" class=\"attachment-large size-large\" alt=\"plan de dise\u00f1o\" srcset=\"https:\/\/urexceed.com\/wp-content\/uploads\/2024\/11\/678a6e5997b0823d1d8b22b04f63f7e-1024x681.png 1024w, https:\/\/urexceed.com\/wp-content\/uploads\/2024\/11\/678a6e5997b0823d1d8b22b04f63f7e-300x200.png 300w, https:\/\/urexceed.com\/wp-content\/uploads\/2024\/11\/678a6e5997b0823d1d8b22b04f63f7e-768x511.png 768w, https:\/\/urexceed.com\/wp-content\/uploads\/2024\/11\/678a6e5997b0823d1d8b22b04f63f7e-600x399.png 600w, https:\/\/urexceed.com\/wp-content\/uploads\/2024\/11\/678a6e5997b0823d1d8b22b04f63f7e.png 1323w\" sizes=\"(max-width: 800px) 100vw, 800px\" \/><\/div><!-- Story Description --><div class=\"twae-description\"><ul><li>Desarrollar cotizaciones detalladas en funci\u00f3n de las necesidades del cliente, incluyendo precios de productos, costos de transporte, condiciones de pago, etc.<\/li><li>Proporcionar soluciones t\u00e9cnicas, incluyendo configuraci\u00f3n de m\u00e1quinas, an\u00e1lisis de capacidad de producci\u00f3n, etc.<\/li><\/ul><\/div><\/div><\/div><!-- Start of Story Repeater Content --><div id=\"story-e7378ae\" class=\"twae-story twae-repeater-item twae-story-left twae-story-no-icon\"><!-- Story Icon --><div class=\"twae-icon\"><i aria-hidden=\"true\" class=\"far fa-clock\"><\/i><\/div><!-- Story Arrow --><div class=\"twae-arrow\"><\/div><!-- Start of Story Content --><div class=\"twae-content\"><!-- Story Title --><div class=\"twae-title\">Firma de contrato<\/div><!-- Story Image --><div class=\"twae-media large\"><img decoding=\"async\" width=\"800\" height=\"534\" src=\"https:\/\/urexceed.com\/wp-content\/uploads\/2024\/11\/contract-signing-1024x684.jpg\" class=\"attachment-large size-large\" alt=\"firma de contacto\" srcset=\"https:\/\/urexceed.com\/wp-content\/uploads\/2024\/11\/contract-signing-1024x684.jpg 1024w, https:\/\/urexceed.com\/wp-content\/uploads\/2024\/11\/contract-signing-300x200.jpg 300w, https:\/\/urexceed.com\/wp-content\/uploads\/2024\/11\/contract-signing-768x513.jpg 768w, https:\/\/urexceed.com\/wp-content\/uploads\/2024\/11\/contract-signing-1536x1025.jpg 1536w, https:\/\/urexceed.com\/wp-content\/uploads\/2024\/11\/contract-signing-2048x1367.jpg 2048w, https:\/\/urexceed.com\/wp-content\/uploads\/2024\/11\/contract-signing-600x401.jpg 600w\" sizes=\"(max-width: 800px) 100vw, 800px\" \/><\/div><!-- Story Description --><div class=\"twae-description\"><ul><li>Despu\u00e9s de que el cliente confirma la cotizaci\u00f3n y el plan, ambas partes firman un contrato de venta.<\/li><li>Determinar el tiempo de entrega, la forma de pago y las condiciones del servicio postventa.<\/li><\/ul><\/div><\/div><\/div><!-- Start of Story Repeater Content --><div id=\"story-d622300\" class=\"twae-story twae-repeater-item twae-story-right twae-story-no-icon\"><!-- Story Icon --><div class=\"twae-icon\"><i aria-hidden=\"true\" class=\"far fa-clock\"><\/i><\/div><!-- Story Arrow --><div class=\"twae-arrow\"><\/div><!-- Start of Story Content --><div class=\"twae-content\"><!-- Story Title --><div class=\"twae-title\">Producci\u00f3n y Entrega<\/div><!-- Story Image --><div class=\"twae-media large\"><img decoding=\"async\" width=\"668\" height=\"419\" src=\"https:\/\/urexceed.com\/wp-content\/uploads\/2024\/11\/true-e1731568683475.jpg\" class=\"attachment-large size-large\" alt=\"Producci\u00f3n y Entrega\" srcset=\"https:\/\/urexceed.com\/wp-content\/uploads\/2024\/11\/true-e1731568683475.jpg 668w, https:\/\/urexceed.com\/wp-content\/uploads\/2024\/11\/true-e1731568683475-300x188.jpg 300w, https:\/\/urexceed.com\/wp-content\/uploads\/2024\/11\/true-e1731568683475-600x376.jpg 600w\" sizes=\"(max-width: 668px) 100vw, 668px\" \/><\/div><!-- Story Description --><div class=\"twae-description\"><ul><li>Organizar la producci\u00f3n de acuerdo al contrato para garantizar la calidad y el tiempo de entrega.<\/li><li>Proporcionar retroalimentaci\u00f3n peri\u00f3dica sobre el progreso de la producci\u00f3n basada en diagramas de Gantt y proporcionar im\u00e1genes y videos de producci\u00f3n.<\/li><li>Una vez finalizada la producci\u00f3n, se realiza la inspecci\u00f3n de calidad y se hacen los preparativos para el env\u00edo.<\/li><\/ul><\/div><\/div><\/div><!-- Start of Story Repeater Content --><div id=\"story-89a2062\" class=\"twae-story twae-repeater-item twae-story-left twae-story-no-icon\"><!-- Story Icon --><div class=\"twae-icon\"><i aria-hidden=\"true\" class=\"far fa-clock\"><\/i><\/div><!-- Story Arrow --><div class=\"twae-arrow\"><\/div><!-- Start of Story Content --><div class=\"twae-content\"><!-- Story Title --><div class=\"twae-title\">Prueba (verificaci\u00f3n)<\/div><!-- Story Image --><div class=\"twae-media large\"><img decoding=\"async\" width=\"536\" height=\"330\" src=\"https:\/\/urexceed.com\/wp-content\/uploads\/2024\/11\/QQ20241114-154201.png\" class=\"attachment-large size-large\" alt=\"prueba\" srcset=\"https:\/\/urexceed.com\/wp-content\/uploads\/2024\/11\/QQ20241114-154201.png 536w, https:\/\/urexceed.com\/wp-content\/uploads\/2024\/11\/QQ20241114-154201-300x185.png 300w\" sizes=\"(max-width: 536px) 100vw, 536px\" \/><\/div><!-- Story Description --><div class=\"twae-description\"><ul><li>Si es necesario, proporcionar materias primas para pruebas de producci\u00f3n para verificar si el equipo (molde) cumple con los requisitos de producci\u00f3n (dibujo).<\/li><li>Realice los ajustes necesarios seg\u00fan los comentarios de los clientes.<\/li><\/ul><\/div><\/div><\/div><!-- Start of Story Repeater Content --><div id=\"story-677a491\" class=\"twae-story twae-repeater-item twae-story-right twae-story-no-icon\"><!-- Story Icon --><div class=\"twae-icon\"><i aria-hidden=\"true\" class=\"far fa-clock\"><\/i><\/div><!-- Story Arrow --><div class=\"twae-arrow\"><\/div><!-- Start of Story Content --><div class=\"twae-content\"><!-- Story Title --><div class=\"twae-title\">Embalaje y transporte<\/div><!-- Story Image --><div class=\"twae-media large\"><img decoding=\"async\" width=\"800\" height=\"407\" src=\"https:\/\/urexceed.com\/wp-content\/uploads\/2024\/11\/packeging-1024x521.jpg\" class=\"attachment-large size-large\" alt=\"Embalaje y transporte\" srcset=\"https:\/\/urexceed.com\/wp-content\/uploads\/2024\/11\/packeging-1024x521.jpg 1024w, https:\/\/urexceed.com\/wp-content\/uploads\/2024\/11\/packeging-300x153.jpg 300w, https:\/\/urexceed.com\/wp-content\/uploads\/2024\/11\/packeging-768x391.jpg 768w, https:\/\/urexceed.com\/wp-content\/uploads\/2024\/11\/packeging-1536x781.jpg 1536w, https:\/\/urexceed.com\/wp-content\/uploads\/2024\/11\/packeging-2048x1042.jpg 2048w, https:\/\/urexceed.com\/wp-content\/uploads\/2024\/11\/packeging-600x305.jpg 600w\" sizes=\"(max-width: 800px) 100vw, 800px\" \/><\/div><!-- Story Description --><div class=\"twae-description\"><ul><li>Elegir el embalaje adecuado seg\u00fan los diferentes m\u00e9todos de transporte y entregar el equipo en el lugar designado por el cliente.<\/li><li>Seguimiento de la informaci\u00f3n log\u00edstica para garantizar que los clientes puedan comprender el estado de las mercanc\u00edas en cualquier momento.<\/li><\/ul><\/div><\/div><\/div><!-- Start of Story Repeater Content --><div id=\"story-4ac28eb\" class=\"twae-story twae-repeater-item twae-story-left twae-story-no-icon\"><!-- Story Icon --><div class=\"twae-icon\"><i aria-hidden=\"true\" class=\"far fa-clock\"><\/i><\/div><!-- Story Arrow --><div class=\"twae-arrow\"><\/div><!-- Start of Story Content --><div class=\"twae-content\"><!-- Story Title --><div class=\"twae-title\">Notificaci\u00f3n de llegada<\/div><!-- Story Image --><div class=\"twae-media large\"><img decoding=\"async\" width=\"259\" height=\"194\" src=\"https:\/\/urexceed.com\/wp-content\/uploads\/2024\/11\/images-1.jpg\" class=\"attachment-large size-large\" alt=\"Notificaci\u00f3n de llegada\" \/><\/div><!-- Story Description --><div class=\"twae-description\"><ul><li>Notificar a los clientes sobre la llegada del equipo y organizar la descarga y el almacenamiento.<\/li><li>Proporcionar lista de embalaje del equipo y documentaci\u00f3n t\u00e9cnica relacionada.<\/li><\/ul><\/div><\/div><\/div><!-- Start of Story Repeater Content --><div id=\"story-821af78\" class=\"twae-story twae-repeater-item twae-story-right twae-story-no-icon\"><!-- Story Icon --><div class=\"twae-icon\"><i aria-hidden=\"true\" class=\"far fa-clock\"><\/i><\/div><!-- Story Arrow --><div class=\"twae-arrow\"><\/div><!-- Start of Story Content --><div class=\"twae-content\"><!-- Story Title --><div class=\"twae-title\">Instalaci\u00f3n y depuraci\u00f3n<\/div><!-- Story Image --><div class=\"twae-media large\"><img decoding=\"async\" width=\"800\" height=\"600\" src=\"https:\/\/urexceed.com\/wp-content\/uploads\/2024\/11\/neck-rest-pillow-ring-production-line-machine.jpg\" class=\"attachment-large size-large\" alt=\"Instalaci\u00f3n y depuraci\u00f3n\" srcset=\"https:\/\/urexceed.com\/wp-content\/uploads\/2024\/11\/neck-rest-pillow-ring-production-line-machine.jpg 800w, https:\/\/urexceed.com\/wp-content\/uploads\/2024\/11\/neck-rest-pillow-ring-production-line-machine-300x225.jpg 300w, https:\/\/urexceed.com\/wp-content\/uploads\/2024\/11\/neck-rest-pillow-ring-production-line-machine-768x576.jpg 768w, https:\/\/urexceed.com\/wp-content\/uploads\/2024\/11\/neck-rest-pillow-ring-production-line-machine-600x450.jpg 600w\" sizes=\"(max-width: 800px) 100vw, 800px\" \/><\/div><!-- Story Description --><div class=\"twae-description\"><ul><li>Organizar un equipo t\u00e9cnico para que vaya al sitio del cliente para la instalaci\u00f3n del equipo.<\/li><li>Realizar la depuraci\u00f3n de equipos para garantizar el funcionamiento normal de los mismos y brindar capacitaci\u00f3n a los operadores.<\/li><\/ul><\/div><\/div><\/div><!-- Start of Story Repeater Content --><div id=\"story-1bed9ab\" class=\"twae-story twae-repeater-item twae-story-left twae-story-no-icon\"><!-- Story Icon --><div class=\"twae-icon\"><i aria-hidden=\"true\" class=\"far fa-clock\"><\/i><\/div><!-- Story Arrow --><div class=\"twae-arrow\"><\/div><!-- Start of Story Content --><div class=\"twae-content\"><!-- Story Title --><div class=\"twae-title\">Aceptaci\u00f3n y Entrega<\/div><!-- Story Image --><div class=\"twae-media large\"><img decoding=\"async\" width=\"800\" height=\"600\" src=\"https:\/\/urexceed.com\/wp-content\/uploads\/2024\/12\/Acceptance-And-Delivery.jpg\" class=\"attachment-large size-large\" alt=\"Aceptaci\u00f3n y Entrega\" srcset=\"https:\/\/urexceed.com\/wp-content\/uploads\/2024\/12\/Acceptance-And-Delivery.jpg 854w, https:\/\/urexceed.com\/wp-content\/uploads\/2024\/12\/Acceptance-And-Delivery-300x225.jpg 300w, https:\/\/urexceed.com\/wp-content\/uploads\/2024\/12\/Acceptance-And-Delivery-768x576.jpg 768w, https:\/\/urexceed.com\/wp-content\/uploads\/2024\/12\/Acceptance-And-Delivery-600x450.jpg 600w\" sizes=\"(max-width: 800px) 100vw, 800px\" \/><\/div><!-- Story Description --><div class=\"twae-description\"><ul><li>Realizar la aceptaci\u00f3n del equipo junto con los clientes para confirmar que el equipo cumple con los requisitos del contrato.<\/li><li>Entregar oficialmente el equipo y realizar la firma de los documentos correspondientes.<\/li><\/ul><\/div><\/div><\/div><!-- Start of Story Repeater Content --><div id=\"story-2af4246\" class=\"twae-story twae-repeater-item twae-story-right twae-story-no-icon\"><!-- Story Icon --><div class=\"twae-icon\"><i aria-hidden=\"true\" class=\"far fa-clock\"><\/i><\/div><!-- Story Arrow --><div class=\"twae-arrow\"><\/div><!-- Start of Story Content --><div class=\"twae-content\"><!-- Story Title --><div class=\"twae-title\">Servicio postventa<\/div><!-- Story Image --><div class=\"twae-media large\"><img decoding=\"async\" width=\"800\" height=\"365\" src=\"https:\/\/urexceed.com\/wp-content\/uploads\/2024\/11\/20889-good-feedback-customer-service-1024x467.png\" class=\"attachment-large size-large\" alt=\"Servicio postventa\" srcset=\"https:\/\/urexceed.com\/wp-content\/uploads\/2024\/11\/20889-good-feedback-customer-service-1024x467.png 1024w, https:\/\/urexceed.com\/wp-content\/uploads\/2024\/11\/20889-good-feedback-customer-service-768x350.png 768w\" sizes=\"(max-width: 800px) 100vw, 800px\" \/><\/div><!-- Story Description --><div class=\"twae-description\"><ul><li>Se proporciona servicio de garant\u00eda de un a\u00f1o y un plan de mantenimiento regular.<\/li><li>Si los clientes encuentran problemas, brindamos soporte t\u00e9cnico y servicios de resoluci\u00f3n de problemas.<\/li><\/ul><\/div><\/div><\/div><!-- Start of Story Repeater Content --><div id=\"story-7a80189\" class=\"twae-story twae-repeater-item twae-story-left twae-story-no-icon\"><!-- Story Icon --><div class=\"twae-icon\"><i aria-hidden=\"true\" class=\"far fa-clock\"><\/i><\/div><!-- Story Arrow --><div class=\"twae-arrow\"><\/div><!-- Start of Story Content --><div class=\"twae-content\"><!-- Story Title --><div class=\"twae-title\">Retroalimentaci\u00f3n del cliente y mantenimiento de la relaci\u00f3n<\/div><!-- Story Image --><div class=\"twae-media large\"><img decoding=\"async\" width=\"275\" height=\"183\" src=\"https:\/\/urexceed.com\/wp-content\/uploads\/2024\/11\/images-2-1.jpg\" class=\"attachment-large size-large\" alt=\"Retroalimentaci\u00f3n del cliente y mantenimiento de la relaci\u00f3n\" \/><\/div><!-- Story Description --><div class=\"twae-description\"><ul><li>Visitas de regreso a los clientes cada 3 meses para comprender el funcionamiento del equipo y la satisfacci\u00f3n del cliente.<\/li><li>Recopilar comentarios de los clientes para proporcionar una base para futuras mejoras del producto y la optimizaci\u00f3n del servicio.<\/li><li>Ayudar a los clientes a desarrollar planes de marketing viables y resolver problemas de ventas de los clientes.<\/li><\/ul><\/div><\/div><\/div><\/div>\n    <div class=\"twae-end\"><\/div>\n    <\/div><style type=\"text\/css\">@media (max-width: 1024px){ .twae-wrapper{--tw-ybx-size: 80px !important;}}@media (max-width: 767px){ .twae-wrapper{--tw-ybx-size: 80px !important}}<\/style>\t\t\t\t<\/div>\n\t\t\t\t<\/div>\n\t\t\t\t\t<\/div>\n\t\t<\/div>\n\t\t\t\t\t<\/div>\n\t\t<\/section>\n\t\t\t\t<\/div>","protected":false},"excerpt":{"rendered":"<p>Order Process Inquiry stageCustomers initiate inquiries via phone, email or online platform.The sales team records customer needs, including product type, specifications, quantity, delivery date, etc.Analyze RequirementsSales staff communicate with customers to gain an in-depth understanding of their specific needs and application scenarios.Provide technical support and answer customer questions.Provide ROI calculations and conduct feasibility studies and [&hellip;]<\/p>","protected":false},"author":1,"featured_media":0,"parent":0,"menu_order":0,"comment_status":"closed","ping_status":"closed","template":"","meta":{"_seopress_robots_primary_cat":"","_seopress_titles_title":"","_seopress_titles_desc":"","_seopress_robots_index":"","footnotes":""},"class_list":["post-1764","page","type-page","status-publish","hentry"],"_seopress_analysis_target_kw":null,"_seopress_titles_desc":null,"_links":{"self":[{"href":"https:\/\/urexceed.com\/es\/wp-json\/wp\/v2\/pages\/1764","targetHints":{"allow":["GET"]}}],"collection":[{"href":"https:\/\/urexceed.com\/es\/wp-json\/wp\/v2\/pages"}],"about":[{"href":"https:\/\/urexceed.com\/es\/wp-json\/wp\/v2\/types\/page"}],"author":[{"embeddable":true,"href":"https:\/\/urexceed.com\/es\/wp-json\/wp\/v2\/users\/1"}],"replies":[{"embeddable":true,"href":"https:\/\/urexceed.com\/es\/wp-json\/wp\/v2\/comments?post=1764"}],"version-history":[{"count":16,"href":"https:\/\/urexceed.com\/es\/wp-json\/wp\/v2\/pages\/1764\/revisions"}],"predecessor-version":[{"id":8573,"href":"https:\/\/urexceed.com\/es\/wp-json\/wp\/v2\/pages\/1764\/revisions\/8573"}],"wp:attachment":[{"href":"https:\/\/urexceed.com\/es\/wp-json\/wp\/v2\/media?parent=1764"}],"curies":[{"name":"wp","href":"https:\/\/api.w.org\/{rel}","templated":true}]}}