{"id":1764,"date":"2024-11-14T17:18:13","date_gmt":"2024-11-14T09:18:13","guid":{"rendered":"https:\/\/urexceed.com\/?page_id=1764"},"modified":"2025-05-27T14:20:07","modified_gmt":"2025-05-27T06:20:07","slug":"processus-du-projet","status":"publish","type":"page","link":"https:\/\/urexceed.com\/fr\/processus-du-projet\/","title":{"rendered":"Processus du projet"},"content":{"rendered":"<div data-elementor-type=\"wp-page\" data-elementor-id=\"1764\" class=\"elementor elementor-1764\" data-elementor-post-type=\"page\">\n\t\t\t\t\t\t<section class=\"elementor-section elementor-top-section elementor-element elementor-element-1a81bff elementor-section-height-min-height elementor-section-boxed elementor-section-height-default elementor-section-items-middle\" data-id=\"1a81bff\" data-element_type=\"section\" data-settings=\"{&quot;background_background&quot;:&quot;classic&quot;}\">\n\t\t\t\t\t\t\t<div class=\"elementor-background-overlay\"><\/div>\n\t\t\t\t\t\t\t<div class=\"elementor-container elementor-column-gap-default\">\n\t\t\t\t\t<div class=\"elementor-column elementor-col-100 elementor-top-column elementor-element elementor-element-55fb36a6\" data-id=\"55fb36a6\" data-element_type=\"column\">\n\t\t\t<div class=\"elementor-widget-wrap elementor-element-populated\">\n\t\t\t\t\t\t<div class=\"elementor-element elementor-element-771b80cb elementor-widget elementor-widget-elementskit-heading\" data-id=\"771b80cb\" data-element_type=\"widget\" data-widget_type=\"elementskit-heading.default\">\n\t\t\t\t<div class=\"elementor-widget-container\">\n\t\t\t\t\t<div class=\"ekit-wid-con\" ><div class=\"ekit-heading elementskit-section-title-wraper text_center   ekit_heading_tablet-   ekit_heading_mobile-\"><h1 class=\"ekit-heading--title elementskit-section-title\">Processus de commande<\/h1><\/div><\/div>\t\t\t\t<\/div>\n\t\t\t\t<\/div>\n\t\t\t\t\t<\/div>\n\t\t<\/div>\n\t\t\t\t\t<\/div>\n\t\t<\/section>\n\t\t\t\t<section class=\"elementor-section elementor-top-section elementor-element elementor-element-cdbec58 elementor-section-boxed elementor-section-height-default elementor-section-height-default\" data-id=\"cdbec58\" data-element_type=\"section\">\n\t\t\t\t\t\t<div class=\"elementor-container elementor-column-gap-default\">\n\t\t\t\t\t<div class=\"elementor-column elementor-col-100 elementor-top-column elementor-element elementor-element-2d01732\" data-id=\"2d01732\" data-element_type=\"column\">\n\t\t\t<div class=\"elementor-widget-wrap elementor-element-populated\">\n\t\t\t\t\t\t<div class=\"elementor-element elementor-element-7bc6b85 elementor-widget elementor-widget-timeline-widget-addon\" data-id=\"7bc6b85\" data-element_type=\"widget\" data-widget_type=\"timeline-widget-addon.default\">\n\t\t\t\t<div class=\"elementor-widget-container\">\n\t\t\t\t\t<!-- ========= Timeline Widget Addon For Elementor 1.6.8 ========= -->\n<div id=\"twae-wrapper-7bc6b85\" class=\"twae-vertical twae-wrapper  twae-both-sided\">   \n    <div class=\"twae-start\"><\/div>    \n    <div id=\"twea-timeline-7bc6b85\" class=\"twae-timeline\" ><!-- Start of Story Repeater Content --><div id=\"story-19456a2\" class=\"twae-story twae-repeater-item twae-story-right twae-story-no-icon\"><!-- Story Icon --><div class=\"twae-icon\"><i aria-hidden=\"true\" class=\"far fa-clock\"><\/i><\/div><!-- Story Arrow --><div class=\"twae-arrow\"><\/div><!-- Start of Story Content --><div class=\"twae-content\"><!-- Story Title --><div class=\"twae-title\">\u00c9tape d&#039;enqu\u00eate<\/div><!-- Story Image --><div class=\"twae-media large\"><img decoding=\"async\" width=\"800\" height=\"436\" src=\"https:\/\/urexceed.com\/wp-content\/uploads\/2024\/11\/202306061686019129459940.jpg\" class=\"attachment-large size-large\" alt=\"\u00c9tape d&#039;enqu\u00eate\" srcset=\"https:\/\/urexceed.com\/wp-content\/uploads\/2024\/11\/202306061686019129459940.jpg 1023w, https:\/\/urexceed.com\/wp-content\/uploads\/2024\/11\/202306061686019129459940-300x163.jpg 300w, https:\/\/urexceed.com\/wp-content\/uploads\/2024\/11\/202306061686019129459940-768x418.jpg 768w, https:\/\/urexceed.com\/wp-content\/uploads\/2024\/11\/202306061686019129459940-600x327.jpg 600w\" sizes=\"(max-width: 800px) 100vw, 800px\" \/><\/div><!-- Story Description --><div class=\"twae-description\"><ul><li>Les clients lancent leurs demandes par t\u00e9l\u00e9phone, par courrier \u00e9lectronique ou via une plateforme en ligne.<\/li><li>L&#039;\u00e9quipe de vente enregistre les besoins des clients, y compris le type de produit, les sp\u00e9cifications, la quantit\u00e9, la date de livraison, etc.<\/li><\/ul><\/div><\/div><\/div><!-- Start of Story Repeater Content --><div id=\"story-77798c2\" class=\"twae-story twae-repeater-item twae-story-left twae-story-no-icon\"><!-- Story Icon --><div class=\"twae-icon\"><i aria-hidden=\"true\" class=\"far fa-clock\"><\/i><\/div><!-- Story Arrow --><div class=\"twae-arrow\"><\/div><!-- Start of Story Content --><div class=\"twae-content\"><!-- Story Title --><div class=\"twae-title\">Analyser les besoins<\/div><!-- Story Image --><div class=\"twae-media large\"><img decoding=\"async\" width=\"700\" height=\"467\" src=\"https:\/\/urexceed.com\/wp-content\/uploads\/2024\/11\/5e2799ffa3101282064d549e.jpeg\" class=\"attachment-large size-large\" alt=\"Analyse des besoins\" srcset=\"https:\/\/urexceed.com\/wp-content\/uploads\/2024\/11\/5e2799ffa3101282064d549e.jpeg 700w, https:\/\/urexceed.com\/wp-content\/uploads\/2024\/11\/5e2799ffa3101282064d549e-300x200.jpeg 300w, https:\/\/urexceed.com\/wp-content\/uploads\/2024\/11\/5e2799ffa3101282064d549e-600x400.jpeg 600w\" sizes=\"(max-width: 700px) 100vw, 700px\" \/><\/div><!-- Story Description --><div class=\"twae-description\"><ul><li>Le personnel de vente communique avec les clients pour acqu\u00e9rir une compr\u00e9hension approfondie de leurs besoins sp\u00e9cifiques et de leurs sc\u00e9narios d\u2019application.<\/li><li>Fournir un support technique et r\u00e9pondre aux questions des clients.<\/li><li>Fournir des calculs de retour sur investissement et r\u00e9aliser des \u00e9tudes de faisabilit\u00e9 et des analyses de solutions en fonction des budgets des clients<\/li><\/ul><\/div><\/div><\/div><!-- Start of Story Repeater Content --><div id=\"story-9b8cb9e\" class=\"twae-story twae-repeater-item twae-story-right twae-story-no-icon\"><!-- Story Icon --><div class=\"twae-icon\"><i aria-hidden=\"true\" class=\"far fa-clock\"><\/i><\/div><!-- Story Arrow --><div class=\"twae-arrow\"><\/div><!-- Start of Story Content --><div class=\"twae-content\"><!-- Story Title --><div class=\"twae-title\">Devis et conception de plan<\/div><!-- Story Image --><div class=\"twae-media large\"><img decoding=\"async\" width=\"800\" height=\"532\" src=\"https:\/\/urexceed.com\/wp-content\/uploads\/2024\/11\/678a6e5997b0823d1d8b22b04f63f7e-1024x681.png\" class=\"attachment-large size-large\" alt=\"plan de conception\" srcset=\"https:\/\/urexceed.com\/wp-content\/uploads\/2024\/11\/678a6e5997b0823d1d8b22b04f63f7e-1024x681.png 1024w, https:\/\/urexceed.com\/wp-content\/uploads\/2024\/11\/678a6e5997b0823d1d8b22b04f63f7e-300x200.png 300w, https:\/\/urexceed.com\/wp-content\/uploads\/2024\/11\/678a6e5997b0823d1d8b22b04f63f7e-768x511.png 768w, https:\/\/urexceed.com\/wp-content\/uploads\/2024\/11\/678a6e5997b0823d1d8b22b04f63f7e-600x399.png 600w, https:\/\/urexceed.com\/wp-content\/uploads\/2024\/11\/678a6e5997b0823d1d8b22b04f63f7e.png 1323w\" sizes=\"(max-width: 800px) 100vw, 800px\" \/><\/div><!-- Story Description --><div class=\"twae-description\"><ul><li>\u00c9laborer des devis d\u00e9taill\u00e9s en fonction des besoins des clients, y compris les prix des produits, les co\u00fbts de transport, les conditions de paiement, etc.<\/li><li>Fournir des solutions techniques, y compris la configuration des machines, l&#039;analyse de la capacit\u00e9 de production, etc.<\/li><\/ul><\/div><\/div><\/div><!-- Start of Story Repeater Content --><div id=\"story-e7378ae\" class=\"twae-story twae-repeater-item twae-story-left twae-story-no-icon\"><!-- Story Icon --><div class=\"twae-icon\"><i aria-hidden=\"true\" class=\"far fa-clock\"><\/i><\/div><!-- Story Arrow --><div class=\"twae-arrow\"><\/div><!-- Start of Story Content --><div class=\"twae-content\"><!-- Story Title --><div class=\"twae-title\">Signature du contrat<\/div><!-- Story Image --><div class=\"twae-media large\"><img decoding=\"async\" width=\"800\" height=\"534\" src=\"https:\/\/urexceed.com\/wp-content\/uploads\/2024\/11\/contract-signing-1024x684.jpg\" class=\"attachment-large size-large\" alt=\"signature de contact\" srcset=\"https:\/\/urexceed.com\/wp-content\/uploads\/2024\/11\/contract-signing-1024x684.jpg 1024w, https:\/\/urexceed.com\/wp-content\/uploads\/2024\/11\/contract-signing-300x200.jpg 300w, https:\/\/urexceed.com\/wp-content\/uploads\/2024\/11\/contract-signing-768x513.jpg 768w, https:\/\/urexceed.com\/wp-content\/uploads\/2024\/11\/contract-signing-1536x1025.jpg 1536w, https:\/\/urexceed.com\/wp-content\/uploads\/2024\/11\/contract-signing-2048x1367.jpg 2048w, https:\/\/urexceed.com\/wp-content\/uploads\/2024\/11\/contract-signing-600x401.jpg 600w\" sizes=\"(max-width: 800px) 100vw, 800px\" \/><\/div><!-- Story Description --><div class=\"twae-description\"><ul><li>Apr\u00e8s que le client ait confirm\u00e9 le devis et le plan, les deux parties signent un contrat de vente.<\/li><li>D\u00e9terminez le d\u00e9lai de livraison, le mode de paiement et les modalit\u00e9s de service apr\u00e8s-vente.<\/li><\/ul><\/div><\/div><\/div><!-- Start of Story Repeater Content --><div id=\"story-d622300\" class=\"twae-story twae-repeater-item twae-story-right twae-story-no-icon\"><!-- Story Icon --><div class=\"twae-icon\"><i aria-hidden=\"true\" class=\"far fa-clock\"><\/i><\/div><!-- Story Arrow --><div class=\"twae-arrow\"><\/div><!-- Start of Story Content --><div class=\"twae-content\"><!-- Story Title --><div class=\"twae-title\">Production et livraison<\/div><!-- Story Image --><div class=\"twae-media large\"><img decoding=\"async\" width=\"668\" height=\"419\" src=\"https:\/\/urexceed.com\/wp-content\/uploads\/2024\/11\/true-e1731568683475.jpg\" class=\"attachment-large size-large\" alt=\"Production et livraison\" srcset=\"https:\/\/urexceed.com\/wp-content\/uploads\/2024\/11\/true-e1731568683475.jpg 668w, https:\/\/urexceed.com\/wp-content\/uploads\/2024\/11\/true-e1731568683475-300x188.jpg 300w, https:\/\/urexceed.com\/wp-content\/uploads\/2024\/11\/true-e1731568683475-600x376.jpg 600w\" sizes=\"(max-width: 668px) 100vw, 668px\" \/><\/div><!-- Story Description --><div class=\"twae-description\"><ul><li>Organiser la production selon le contrat pour garantir la qualit\u00e9 et les d\u00e9lais de livraison.<\/li><li>Fournir un retour d&#039;information r\u00e9gulier sur l&#039;avancement de la production en se basant sur les diagrammes de Gantt et fournir des photos et des vid\u00e9os de production.<\/li><li>Une fois la production termin\u00e9e, un contr\u00f4le qualit\u00e9 est effectu\u00e9 et la pr\u00e9paration est effectu\u00e9e pour l&#039;exp\u00e9dition.<\/li><\/ul><\/div><\/div><\/div><!-- Start of Story Repeater Content --><div id=\"story-89a2062\" class=\"twae-story twae-repeater-item twae-story-left twae-story-no-icon\"><!-- Story Icon --><div class=\"twae-icon\"><i aria-hidden=\"true\" class=\"far fa-clock\"><\/i><\/div><!-- Story Arrow --><div class=\"twae-arrow\"><\/div><!-- Start of Story Content --><div class=\"twae-content\"><!-- Story Title --><div class=\"twae-title\">Test (v\u00e9rification)<\/div><!-- Story Image --><div class=\"twae-media large\"><img decoding=\"async\" width=\"536\" height=\"330\" src=\"https:\/\/urexceed.com\/wp-content\/uploads\/2024\/11\/QQ20241114-154201.png\" class=\"attachment-large size-large\" alt=\"test\" srcset=\"https:\/\/urexceed.com\/wp-content\/uploads\/2024\/11\/QQ20241114-154201.png 536w, https:\/\/urexceed.com\/wp-content\/uploads\/2024\/11\/QQ20241114-154201-300x185.png 300w\" sizes=\"(max-width: 536px) 100vw, 536px\" \/><\/div><!-- Story Description --><div class=\"twae-description\"><ul><li>Si n\u00e9cessaire, fournir des mati\u00e8res premi\u00e8res pour les tests de production afin de v\u00e9rifier si l&#039;\u00e9quipement (moule) r\u00e9pond aux exigences de production (dessin).<\/li><li>Effectuez les ajustements n\u00e9cessaires en fonction des commentaires des clients.<\/li><\/ul><\/div><\/div><\/div><!-- Start of Story Repeater Content --><div id=\"story-677a491\" class=\"twae-story twae-repeater-item twae-story-right twae-story-no-icon\"><!-- Story Icon --><div class=\"twae-icon\"><i aria-hidden=\"true\" class=\"far fa-clock\"><\/i><\/div><!-- Story Arrow --><div class=\"twae-arrow\"><\/div><!-- Start of Story Content --><div class=\"twae-content\"><!-- Story Title --><div class=\"twae-title\">Emballage et transport<\/div><!-- Story Image --><div class=\"twae-media large\"><img decoding=\"async\" width=\"800\" height=\"407\" src=\"https:\/\/urexceed.com\/wp-content\/uploads\/2024\/11\/packeging-1024x521.jpg\" class=\"attachment-large size-large\" alt=\"Emballage et transport\" srcset=\"https:\/\/urexceed.com\/wp-content\/uploads\/2024\/11\/packeging-1024x521.jpg 1024w, https:\/\/urexceed.com\/wp-content\/uploads\/2024\/11\/packeging-300x153.jpg 300w, https:\/\/urexceed.com\/wp-content\/uploads\/2024\/11\/packeging-768x391.jpg 768w, https:\/\/urexceed.com\/wp-content\/uploads\/2024\/11\/packeging-1536x781.jpg 1536w, https:\/\/urexceed.com\/wp-content\/uploads\/2024\/11\/packeging-2048x1042.jpg 2048w, https:\/\/urexceed.com\/wp-content\/uploads\/2024\/11\/packeging-600x305.jpg 600w\" sizes=\"(max-width: 800px) 100vw, 800px\" \/><\/div><!-- Story Description --><div class=\"twae-description\"><ul><li>Choisissez un emballage appropri\u00e9 en fonction des diff\u00e9rents modes de transport et livrez l\u2019\u00e9quipement \u00e0 l\u2019endroit d\u00e9sign\u00e9 par le client.<\/li><li>Suivi des informations logistiques pour garantir que les clients peuvent comprendre l&#039;\u00e9tat des marchandises \u00e0 tout moment.<\/li><\/ul><\/div><\/div><\/div><!-- Start of Story Repeater Content --><div id=\"story-4ac28eb\" class=\"twae-story twae-repeater-item twae-story-left twae-story-no-icon\"><!-- Story Icon --><div class=\"twae-icon\"><i aria-hidden=\"true\" class=\"far fa-clock\"><\/i><\/div><!-- Story Arrow --><div class=\"twae-arrow\"><\/div><!-- Start of Story Content --><div class=\"twae-content\"><!-- Story Title --><div class=\"twae-title\">Notification d&#039;arriv\u00e9e<\/div><!-- Story Image --><div class=\"twae-media large\"><img decoding=\"async\" width=\"259\" height=\"194\" src=\"https:\/\/urexceed.com\/wp-content\/uploads\/2024\/11\/images-1.jpg\" class=\"attachment-large size-large\" alt=\"Notification d&#039;arriv\u00e9e\" \/><\/div><!-- Story Description --><div class=\"twae-description\"><ul><li>Informer les clients des informations relatives \u00e0 l\u2019arriv\u00e9e de l\u2019\u00e9quipement et organiser le d\u00e9chargement et l\u2019entreposage.<\/li><li>Fournir la liste d&#039;emballage de l&#039;\u00e9quipement et la documentation technique associ\u00e9e.<\/li><\/ul><\/div><\/div><\/div><!-- Start of Story Repeater Content --><div id=\"story-821af78\" class=\"twae-story twae-repeater-item twae-story-right twae-story-no-icon\"><!-- Story Icon --><div class=\"twae-icon\"><i aria-hidden=\"true\" class=\"far fa-clock\"><\/i><\/div><!-- Story Arrow --><div class=\"twae-arrow\"><\/div><!-- Start of Story Content --><div class=\"twae-content\"><!-- Story Title --><div class=\"twae-title\">Installation et d\u00e9bogage<\/div><!-- Story Image --><div class=\"twae-media large\"><img decoding=\"async\" width=\"800\" height=\"600\" src=\"https:\/\/urexceed.com\/wp-content\/uploads\/2024\/11\/neck-rest-pillow-ring-production-line-machine.jpg\" class=\"attachment-large size-large\" alt=\"Installation et d\u00e9bogage\" srcset=\"https:\/\/urexceed.com\/wp-content\/uploads\/2024\/11\/neck-rest-pillow-ring-production-line-machine.jpg 800w, https:\/\/urexceed.com\/wp-content\/uploads\/2024\/11\/neck-rest-pillow-ring-production-line-machine-300x225.jpg 300w, https:\/\/urexceed.com\/wp-content\/uploads\/2024\/11\/neck-rest-pillow-ring-production-line-machine-768x576.jpg 768w, https:\/\/urexceed.com\/wp-content\/uploads\/2024\/11\/neck-rest-pillow-ring-production-line-machine-600x450.jpg 600w\" sizes=\"(max-width: 800px) 100vw, 800px\" \/><\/div><!-- Story Description --><div class=\"twae-description\"><ul><li>Organiser une \u00e9quipe technique pour se rendre sur le site du client pour l&#039;installation de l&#039;\u00e9quipement.<\/li><li>Effectuer le d\u00e9bogage de l&#039;\u00e9quipement pour assurer le fonctionnement normal de l&#039;\u00e9quipement et fournir une formation aux op\u00e9rateurs.<\/li><\/ul><\/div><\/div><\/div><!-- Start of Story Repeater Content --><div id=\"story-1bed9ab\" class=\"twae-story twae-repeater-item twae-story-left twae-story-no-icon\"><!-- Story Icon --><div class=\"twae-icon\"><i aria-hidden=\"true\" class=\"far fa-clock\"><\/i><\/div><!-- Story Arrow --><div class=\"twae-arrow\"><\/div><!-- Start of Story Content --><div class=\"twae-content\"><!-- Story Title --><div class=\"twae-title\">R\u00e9ception et livraison<\/div><!-- Story Image --><div class=\"twae-media large\"><img decoding=\"async\" width=\"800\" height=\"600\" src=\"https:\/\/urexceed.com\/wp-content\/uploads\/2024\/12\/Acceptance-And-Delivery.jpg\" class=\"attachment-large size-large\" alt=\"R\u00e9ception et livraison\" srcset=\"https:\/\/urexceed.com\/wp-content\/uploads\/2024\/12\/Acceptance-And-Delivery.jpg 854w, https:\/\/urexceed.com\/wp-content\/uploads\/2024\/12\/Acceptance-And-Delivery-300x225.jpg 300w, https:\/\/urexceed.com\/wp-content\/uploads\/2024\/12\/Acceptance-And-Delivery-768x576.jpg 768w, https:\/\/urexceed.com\/wp-content\/uploads\/2024\/12\/Acceptance-And-Delivery-600x450.jpg 600w\" sizes=\"(max-width: 800px) 100vw, 800px\" \/><\/div><!-- Story Description --><div class=\"twae-description\"><ul><li>Proc\u00e9der \u00e0 la r\u00e9ception de l\u2019\u00e9quipement conjointement avec les clients pour confirmer que l\u2019\u00e9quipement r\u00e9pond aux exigences du contrat.<\/li><li>Livrer officiellement le mat\u00e9riel et compl\u00e9ter la signature des documents pertinents.<\/li><\/ul><\/div><\/div><\/div><!-- Start of Story Repeater Content --><div id=\"story-2af4246\" class=\"twae-story twae-repeater-item twae-story-right twae-story-no-icon\"><!-- Story Icon --><div class=\"twae-icon\"><i aria-hidden=\"true\" class=\"far fa-clock\"><\/i><\/div><!-- Story Arrow --><div class=\"twae-arrow\"><\/div><!-- Start of Story Content --><div class=\"twae-content\"><!-- Story Title --><div class=\"twae-title\">Service apr\u00e8s-vente<\/div><!-- Story Image --><div class=\"twae-media large\"><img decoding=\"async\" width=\"800\" height=\"365\" src=\"https:\/\/urexceed.com\/wp-content\/uploads\/2024\/11\/20889-good-feedback-customer-service-1024x467.png\" class=\"attachment-large size-large\" alt=\"Service apr\u00e8s-vente\" srcset=\"https:\/\/urexceed.com\/wp-content\/uploads\/2024\/11\/20889-good-feedback-customer-service-1024x467.png 1024w, https:\/\/urexceed.com\/wp-content\/uploads\/2024\/11\/20889-good-feedback-customer-service-768x350.png 768w\" sizes=\"(max-width: 800px) 100vw, 800px\" \/><\/div><!-- Story Description --><div class=\"twae-description\"><ul><li>Un service de garantie d&#039;un an et un plan d&#039;entretien r\u00e9gulier sont fournis.<\/li><li>Si les clients rencontrent des probl\u00e8mes, nous fournissons des services d&#039;assistance technique et de d\u00e9pannage.<\/li><\/ul><\/div><\/div><\/div><!-- Start of Story Repeater Content --><div id=\"story-7a80189\" class=\"twae-story twae-repeater-item twae-story-left twae-story-no-icon\"><!-- Story Icon --><div class=\"twae-icon\"><i aria-hidden=\"true\" class=\"far fa-clock\"><\/i><\/div><!-- Story Arrow --><div class=\"twae-arrow\"><\/div><!-- Start of Story Content --><div class=\"twae-content\"><!-- Story Title --><div class=\"twae-title\">Commentaires des clients et entretien des relations<\/div><!-- Story Image --><div class=\"twae-media large\"><img decoding=\"async\" width=\"275\" height=\"183\" src=\"https:\/\/urexceed.com\/wp-content\/uploads\/2024\/11\/images-2-1.jpg\" class=\"attachment-large size-large\" alt=\"Commentaires des clients et entretien des relations\" \/><\/div><!-- Story Description --><div class=\"twae-description\"><ul><li>Visites de retour aupr\u00e8s des clients tous les 3 mois pour comprendre le fonctionnement de l&#039;\u00e9quipement et la satisfaction des clients.<\/li><li>Recueillez les commentaires des clients pour fournir une base aux am\u00e9liorations ult\u00e9rieures des produits et \u00e0 l\u2019optimisation des services.<\/li><li>Aider les clients \u00e0 \u00e9laborer des plans marketing r\u00e9alisables et \u00e0 r\u00e9soudre les probl\u00e8mes de vente des clients<\/li><\/ul><\/div><\/div><\/div><\/div>\n    <div class=\"twae-end\"><\/div>\n    <\/div><style type=\"text\/css\">@media (max-width: 1024px){ .twae-wrapper{--tw-ybx-size: 80px !important;}}@media (max-width: 767px){ .twae-wrapper{--tw-ybx-size: 80px !important}}<\/style>\t\t\t\t<\/div>\n\t\t\t\t<\/div>\n\t\t\t\t\t<\/div>\n\t\t<\/div>\n\t\t\t\t\t<\/div>\n\t\t<\/section>\n\t\t\t\t<\/div>","protected":false},"excerpt":{"rendered":"<p>Order Process Inquiry stageCustomers initiate inquiries via phone, email or online platform.The sales team records customer needs, including product type, specifications, quantity, delivery date, etc.Analyze RequirementsSales staff communicate with customers to gain an in-depth understanding of their specific needs and application scenarios.Provide technical support and answer customer questions.Provide ROI calculations and conduct feasibility studies and [&hellip;]<\/p>","protected":false},"author":1,"featured_media":0,"parent":0,"menu_order":0,"comment_status":"closed","ping_status":"closed","template":"","meta":{"_seopress_robots_primary_cat":"","_seopress_titles_title":"","_seopress_titles_desc":"","_seopress_robots_index":"","footnotes":""},"class_list":["post-1764","page","type-page","status-publish","hentry"],"_seopress_analysis_target_kw":null,"_seopress_titles_desc":null,"_links":{"self":[{"href":"https:\/\/urexceed.com\/fr\/wp-json\/wp\/v2\/pages\/1764","targetHints":{"allow":["GET"]}}],"collection":[{"href":"https:\/\/urexceed.com\/fr\/wp-json\/wp\/v2\/pages"}],"about":[{"href":"https:\/\/urexceed.com\/fr\/wp-json\/wp\/v2\/types\/page"}],"author":[{"embeddable":true,"href":"https:\/\/urexceed.com\/fr\/wp-json\/wp\/v2\/users\/1"}],"replies":[{"embeddable":true,"href":"https:\/\/urexceed.com\/fr\/wp-json\/wp\/v2\/comments?post=1764"}],"version-history":[{"count":16,"href":"https:\/\/urexceed.com\/fr\/wp-json\/wp\/v2\/pages\/1764\/revisions"}],"predecessor-version":[{"id":8573,"href":"https:\/\/urexceed.com\/fr\/wp-json\/wp\/v2\/pages\/1764\/revisions\/8573"}],"wp:attachment":[{"href":"https:\/\/urexceed.com\/fr\/wp-json\/wp\/v2\/media?parent=1764"}],"curies":[{"name":"wp","href":"https:\/\/api.w.org\/{rel}","templated":true}]}}