{"id":1764,"date":"2024-11-14T17:18:13","date_gmt":"2024-11-14T09:18:13","guid":{"rendered":"https:\/\/urexceed.com\/?page_id=1764"},"modified":"2025-05-27T14:20:07","modified_gmt":"2025-05-27T06:20:07","slug":"qua-trinh-du-an","status":"publish","type":"page","link":"https:\/\/urexceed.com\/vi\/qua-trinh-du-an\/","title":{"rendered":"Quy tr\u00ecnh d\u1ef1 \u00e1n"},"content":{"rendered":"<div data-elementor-type=\"wp-page\" data-elementor-id=\"1764\" class=\"elementor elementor-1764\" data-elementor-post-type=\"page\">\n\t\t\t\t\t\t<section class=\"elementor-section elementor-top-section elementor-element elementor-element-1a81bff elementor-section-height-min-height elementor-section-boxed elementor-section-height-default elementor-section-items-middle\" data-id=\"1a81bff\" data-element_type=\"section\" data-settings=\"{&quot;background_background&quot;:&quot;classic&quot;}\">\n\t\t\t\t\t\t\t<div class=\"elementor-background-overlay\"><\/div>\n\t\t\t\t\t\t\t<div class=\"elementor-container elementor-column-gap-default\">\n\t\t\t\t\t<div class=\"elementor-column elementor-col-100 elementor-top-column elementor-element elementor-element-55fb36a6\" data-id=\"55fb36a6\" data-element_type=\"column\">\n\t\t\t<div class=\"elementor-widget-wrap elementor-element-populated\">\n\t\t\t\t\t\t<div class=\"elementor-element elementor-element-771b80cb elementor-widget elementor-widget-elementskit-heading\" data-id=\"771b80cb\" data-element_type=\"widget\" data-widget_type=\"elementskit-heading.default\">\n\t\t\t\t<div class=\"elementor-widget-container\">\n\t\t\t\t\t<div class=\"ekit-wid-con\" ><div class=\"ekit-heading elementskit-section-title-wraper text_center   ekit_heading_tablet-   ekit_heading_mobile-\"><h1 class=\"ekit-heading--title elementskit-section-title\">Quy tr\u00ecnh \u0111\u1eb7t h\u00e0ng<\/h1><\/div><\/div>\t\t\t\t<\/div>\n\t\t\t\t<\/div>\n\t\t\t\t\t<\/div>\n\t\t<\/div>\n\t\t\t\t\t<\/div>\n\t\t<\/section>\n\t\t\t\t<section class=\"elementor-section elementor-top-section elementor-element elementor-element-cdbec58 elementor-section-boxed elementor-section-height-default elementor-section-height-default\" data-id=\"cdbec58\" data-element_type=\"section\">\n\t\t\t\t\t\t<div class=\"elementor-container elementor-column-gap-default\">\n\t\t\t\t\t<div class=\"elementor-column elementor-col-100 elementor-top-column elementor-element elementor-element-2d01732\" data-id=\"2d01732\" data-element_type=\"column\">\n\t\t\t<div class=\"elementor-widget-wrap elementor-element-populated\">\n\t\t\t\t\t\t<div class=\"elementor-element elementor-element-7bc6b85 elementor-widget elementor-widget-timeline-widget-addon\" data-id=\"7bc6b85\" data-element_type=\"widget\" data-widget_type=\"timeline-widget-addon.default\">\n\t\t\t\t<div class=\"elementor-widget-container\">\n\t\t\t\t\t<!-- ========= Timeline Widget Addon For Elementor 1.6.8 ========= -->\n<div id=\"twae-wrapper-7bc6b85\" class=\"twae-vertical twae-wrapper  twae-both-sided\">   \n    <div class=\"twae-start\"><\/div>    \n    <div id=\"twea-timeline-7bc6b85\" class=\"twae-timeline\" ><!-- Start of Story Repeater Content --><div id=\"story-19456a2\" class=\"twae-story twae-repeater-item twae-story-right twae-story-no-icon\"><!-- Story Icon --><div class=\"twae-icon\"><i aria-hidden=\"true\" class=\"far fa-clock\"><\/i><\/div><!-- Story Arrow --><div class=\"twae-arrow\"><\/div><!-- Start of Story Content --><div class=\"twae-content\"><!-- Story Title --><div class=\"twae-title\">Giai \u0111o\u1ea1n \u0111i\u1ec1u tra<\/div><!-- Story Image --><div class=\"twae-media large\"><img decoding=\"async\" width=\"800\" height=\"436\" src=\"https:\/\/urexceed.com\/wp-content\/uploads\/2024\/11\/202306061686019129459940.jpg\" class=\"attachment-large size-large\" alt=\"Giai \u0111o\u1ea1n \u0111i\u1ec1u tra\" srcset=\"https:\/\/urexceed.com\/wp-content\/uploads\/2024\/11\/202306061686019129459940.jpg 1023w, https:\/\/urexceed.com\/wp-content\/uploads\/2024\/11\/202306061686019129459940-300x163.jpg 300w, https:\/\/urexceed.com\/wp-content\/uploads\/2024\/11\/202306061686019129459940-768x418.jpg 768w, https:\/\/urexceed.com\/wp-content\/uploads\/2024\/11\/202306061686019129459940-600x327.jpg 600w\" sizes=\"(max-width: 800px) 100vw, 800px\" \/><\/div><!-- Story Description --><div class=\"twae-description\"><ul><li>Kh\u00e1ch h\u00e0ng c\u00f3 th\u1ec3 g\u1eedi y\u00eau c\u1ea7u qua \u0111i\u1ec7n tho\u1ea1i, email ho\u1eb7c n\u1ec1n t\u1ea3ng tr\u1ef1c tuy\u1ebfn.<\/li><li>\u0110\u1ed9i ng\u0169 b\u00e1n h\u00e0ng ghi l\u1ea1i nhu c\u1ea7u c\u1ee7a kh\u00e1ch h\u00e0ng, bao g\u1ed3m lo\u1ea1i s\u1ea3n ph\u1ea9m, th\u00f4ng s\u1ed1 k\u1ef9 thu\u1eadt, s\u1ed1 l\u01b0\u1ee3ng, ng\u00e0y giao h\u00e0ng, v.v.<\/li><\/ul><\/div><\/div><\/div><!-- Start of Story Repeater Content --><div id=\"story-77798c2\" class=\"twae-story twae-repeater-item twae-story-left twae-story-no-icon\"><!-- Story Icon --><div class=\"twae-icon\"><i aria-hidden=\"true\" class=\"far fa-clock\"><\/i><\/div><!-- Story Arrow --><div class=\"twae-arrow\"><\/div><!-- Start of Story Content --><div class=\"twae-content\"><!-- Story Title --><div class=\"twae-title\">Ph\u00e2n t\u00edch y\u00eau c\u1ea7u<\/div><!-- Story Image --><div class=\"twae-media large\"><img decoding=\"async\" width=\"700\" height=\"467\" src=\"https:\/\/urexceed.com\/wp-content\/uploads\/2024\/11\/5e2799ffa3101282064d549e.jpeg\" class=\"attachment-large size-large\" alt=\"Ph\u00e2n t\u00edch nhu c\u1ea7u\" srcset=\"https:\/\/urexceed.com\/wp-content\/uploads\/2024\/11\/5e2799ffa3101282064d549e.jpeg 700w, https:\/\/urexceed.com\/wp-content\/uploads\/2024\/11\/5e2799ffa3101282064d549e-300x200.jpeg 300w, https:\/\/urexceed.com\/wp-content\/uploads\/2024\/11\/5e2799ffa3101282064d549e-600x400.jpeg 600w\" sizes=\"(max-width: 700px) 100vw, 700px\" \/><\/div><!-- Story Description --><div class=\"twae-description\"><ul><li>Nh\u00e2n vi\u00ean b\u00e1n h\u00e0ng giao ti\u1ebfp v\u1edbi kh\u00e1ch h\u00e0ng \u0111\u1ec3 hi\u1ec3u s\u00e2u h\u01a1n v\u1ec1 nhu c\u1ea7u c\u1ee5 th\u1ec3 v\u00e0 t\u00ecnh hu\u1ed1ng \u1ee9ng d\u1ee5ng c\u1ee7a h\u1ecd.<\/li><li>Cung c\u1ea5p h\u1ed7 tr\u1ee3 k\u1ef9 thu\u1eadt v\u00e0 tr\u1ea3 l\u1eddi c\u00e2u h\u1ecfi c\u1ee7a kh\u00e1ch h\u00e0ng.<\/li><li>Cung c\u1ea5p c\u00e1c t\u00ednh to\u00e1n ROI v\u00e0 ti\u1ebfn h\u00e0nh c\u00e1c nghi\u00ean c\u1ee9u kh\u1ea3 thi v\u00e0 ph\u00e2n t\u00edch c\u00e1c gi\u1ea3i ph\u00e1p d\u1ef1a tr\u00ean ng\u00e2n s\u00e1ch c\u1ee7a kh\u00e1ch h\u00e0ng<\/li><\/ul><\/div><\/div><\/div><!-- Start of Story Repeater Content --><div id=\"story-9b8cb9e\" class=\"twae-story twae-repeater-item twae-story-right twae-story-no-icon\"><!-- Story Icon --><div class=\"twae-icon\"><i aria-hidden=\"true\" class=\"far fa-clock\"><\/i><\/div><!-- Story Arrow --><div class=\"twae-arrow\"><\/div><!-- Start of Story Content --><div class=\"twae-content\"><!-- Story Title --><div class=\"twae-title\">B\u00e1o gi\u00e1 v\u00e0 thi\u1ebft k\u1ebf k\u1ebf ho\u1ea1ch<\/div><!-- Story Image --><div class=\"twae-media large\"><img decoding=\"async\" width=\"800\" height=\"532\" src=\"https:\/\/urexceed.com\/wp-content\/uploads\/2024\/11\/678a6e5997b0823d1d8b22b04f63f7e-1024x681.png\" class=\"attachment-large size-large\" alt=\"k\u1ebf ho\u1ea1ch thi\u1ebft k\u1ebf\" srcset=\"https:\/\/urexceed.com\/wp-content\/uploads\/2024\/11\/678a6e5997b0823d1d8b22b04f63f7e-1024x681.png 1024w, https:\/\/urexceed.com\/wp-content\/uploads\/2024\/11\/678a6e5997b0823d1d8b22b04f63f7e-300x200.png 300w, https:\/\/urexceed.com\/wp-content\/uploads\/2024\/11\/678a6e5997b0823d1d8b22b04f63f7e-768x511.png 768w, https:\/\/urexceed.com\/wp-content\/uploads\/2024\/11\/678a6e5997b0823d1d8b22b04f63f7e-600x399.png 600w, https:\/\/urexceed.com\/wp-content\/uploads\/2024\/11\/678a6e5997b0823d1d8b22b04f63f7e.png 1323w\" sizes=\"(max-width: 800px) 100vw, 800px\" \/><\/div><!-- Story Description --><div class=\"twae-description\"><ul><li>So\u1ea1n th\u1ea3o b\u00e1o gi\u00e1 chi ti\u1ebft d\u1ef1a tr\u00ean nhu c\u1ea7u c\u1ee7a kh\u00e1ch h\u00e0ng, bao g\u1ed3m gi\u00e1 s\u1ea3n ph\u1ea9m, chi ph\u00ed v\u1eadn chuy\u1ec3n, \u0111i\u1ec1u kho\u1ea3n thanh to\u00e1n, v.v.<\/li><li>Cung c\u1ea5p c\u00e1c gi\u1ea3i ph\u00e1p k\u1ef9 thu\u1eadt, bao g\u1ed3m c\u1ea5u h\u00ecnh m\u00e1y, ph\u00e2n t\u00edch n\u0103ng l\u1ef1c s\u1ea3n xu\u1ea5t, v.v.<\/li><\/ul><\/div><\/div><\/div><!-- Start of Story Repeater Content --><div id=\"story-e7378ae\" class=\"twae-story twae-repeater-item twae-story-left twae-story-no-icon\"><!-- Story Icon --><div class=\"twae-icon\"><i aria-hidden=\"true\" class=\"far fa-clock\"><\/i><\/div><!-- Story Arrow --><div class=\"twae-arrow\"><\/div><!-- Start of Story Content --><div class=\"twae-content\"><!-- Story Title --><div class=\"twae-title\">K\u00fd h\u1ee3p \u0111\u1ed3ng<\/div><!-- Story Image --><div class=\"twae-media large\"><img decoding=\"async\" width=\"800\" height=\"534\" src=\"https:\/\/urexceed.com\/wp-content\/uploads\/2024\/11\/contract-signing-1024x684.jpg\" class=\"attachment-large size-large\" alt=\"k\u00fd k\u1ebft li\u00ean l\u1ea1c\" srcset=\"https:\/\/urexceed.com\/wp-content\/uploads\/2024\/11\/contract-signing-1024x684.jpg 1024w, https:\/\/urexceed.com\/wp-content\/uploads\/2024\/11\/contract-signing-300x200.jpg 300w, https:\/\/urexceed.com\/wp-content\/uploads\/2024\/11\/contract-signing-768x513.jpg 768w, https:\/\/urexceed.com\/wp-content\/uploads\/2024\/11\/contract-signing-1536x1025.jpg 1536w, https:\/\/urexceed.com\/wp-content\/uploads\/2024\/11\/contract-signing-2048x1367.jpg 2048w, https:\/\/urexceed.com\/wp-content\/uploads\/2024\/11\/contract-signing-600x401.jpg 600w\" sizes=\"(max-width: 800px) 100vw, 800px\" \/><\/div><!-- Story Description --><div class=\"twae-description\"><ul><li>Sau khi kh\u00e1ch h\u00e0ng x\u00e1c nh\u1eadn b\u00e1o gi\u00e1 v\u00e0 k\u1ebf ho\u1ea1ch, hai b\u00ean s\u1ebd k\u00fd h\u1ee3p \u0111\u1ed3ng mua b\u00e1n.<\/li><li>X\u00e1c \u0111\u1ecbnh th\u1eddi gian giao h\u00e0ng, ph\u01b0\u01a1ng th\u1ee9c thanh to\u00e1n v\u00e0 c\u00e1c \u0111i\u1ec1u kho\u1ea3n d\u1ecbch v\u1ee5 sau b\u00e1n h\u00e0ng.<\/li><\/ul><\/div><\/div><\/div><!-- Start of Story Repeater Content --><div id=\"story-d622300\" class=\"twae-story twae-repeater-item twae-story-right twae-story-no-icon\"><!-- Story Icon --><div class=\"twae-icon\"><i aria-hidden=\"true\" class=\"far fa-clock\"><\/i><\/div><!-- Story Arrow --><div class=\"twae-arrow\"><\/div><!-- Start of Story Content --><div class=\"twae-content\"><!-- Story Title --><div class=\"twae-title\">S\u1ea3n xu\u1ea5t v\u00e0 giao h\u00e0ng<\/div><!-- Story Image --><div class=\"twae-media large\"><img decoding=\"async\" width=\"668\" height=\"419\" src=\"https:\/\/urexceed.com\/wp-content\/uploads\/2024\/11\/true-e1731568683475.jpg\" class=\"attachment-large size-large\" alt=\"S\u1ea3n xu\u1ea5t v\u00e0 giao h\u00e0ng\" srcset=\"https:\/\/urexceed.com\/wp-content\/uploads\/2024\/11\/true-e1731568683475.jpg 668w, https:\/\/urexceed.com\/wp-content\/uploads\/2024\/11\/true-e1731568683475-300x188.jpg 300w, https:\/\/urexceed.com\/wp-content\/uploads\/2024\/11\/true-e1731568683475-600x376.jpg 600w\" sizes=\"(max-width: 668px) 100vw, 668px\" \/><\/div><!-- Story Description --><div class=\"twae-description\"><ul><li>S\u1eafp x\u1ebfp s\u1ea3n xu\u1ea5t theo h\u1ee3p \u0111\u1ed3ng \u0111\u1ec3 \u0111\u1ea3m b\u1ea3o ch\u1ea5t l\u01b0\u1ee3ng v\u00e0 th\u1eddi gian giao h\u00e0ng.<\/li><li>Cung c\u1ea5p ph\u1ea3n h\u1ed3i th\u01b0\u1eddng xuy\u00ean v\u1ec1 ti\u1ebfn \u0111\u1ed9 s\u1ea3n xu\u1ea5t d\u1ef1a tr\u00ean bi\u1ec3u \u0111\u1ed3 Gantt v\u00e0 cung c\u1ea5p h\u00ecnh \u1ea3nh v\u00e0 video v\u1ec1 s\u1ea3n xu\u1ea5t.<\/li><li>Sau khi ho\u00e0n t\u1ea5t s\u1ea3n xu\u1ea5t, s\u1ebd ti\u1ebfn h\u00e0nh ki\u1ec3m tra ch\u1ea5t l\u01b0\u1ee3ng v\u00e0 chu\u1ea9n b\u1ecb cho vi\u1ec7c v\u1eadn chuy\u1ec3n.<\/li><\/ul><\/div><\/div><\/div><!-- Start of Story Repeater Content --><div id=\"story-89a2062\" class=\"twae-story twae-repeater-item twae-story-left twae-story-no-icon\"><!-- Story Icon --><div class=\"twae-icon\"><i aria-hidden=\"true\" class=\"far fa-clock\"><\/i><\/div><!-- Story Arrow --><div class=\"twae-arrow\"><\/div><!-- Start of Story Content --><div class=\"twae-content\"><!-- Story Title --><div class=\"twae-title\">Ki\u1ec3m tra (Ki\u1ec3m tra)<\/div><!-- Story Image --><div class=\"twae-media large\"><img decoding=\"async\" width=\"536\" height=\"330\" src=\"https:\/\/urexceed.com\/wp-content\/uploads\/2024\/11\/QQ20241114-154201.png\" class=\"attachment-large size-large\" alt=\"B\u00e0i ki\u1ec3m tra\" srcset=\"https:\/\/urexceed.com\/wp-content\/uploads\/2024\/11\/QQ20241114-154201.png 536w, https:\/\/urexceed.com\/wp-content\/uploads\/2024\/11\/QQ20241114-154201-300x185.png 300w\" sizes=\"(max-width: 536px) 100vw, 536px\" \/><\/div><!-- Story Description --><div class=\"twae-description\"><ul><li>N\u1ebfu c\u1ea7n thi\u1ebft, cung c\u1ea5p nguy\u00ean li\u1ec7u th\u00f4 \u0111\u1ec3 th\u1eed nghi\u1ec7m s\u1ea3n xu\u1ea5t nh\u1eb1m x\u00e1c minh xem thi\u1ebft b\u1ecb (khu\u00f4n) c\u00f3 \u0111\u00e1p \u1ee9ng c\u00e1c y\u00eau c\u1ea7u s\u1ea3n xu\u1ea5t (b\u1ea3n v\u1ebd) hay kh\u00f4ng.<\/li><li>Th\u1ef1c hi\u1ec7n nh\u1eefng \u0111i\u1ec1u ch\u1ec9nh c\u1ea7n thi\u1ebft d\u1ef1a tr\u00ean ph\u1ea3n h\u1ed3i c\u1ee7a kh\u00e1ch h\u00e0ng.<\/li><\/ul><\/div><\/div><\/div><!-- Start of Story Repeater Content --><div id=\"story-677a491\" class=\"twae-story twae-repeater-item twae-story-right twae-story-no-icon\"><!-- Story Icon --><div class=\"twae-icon\"><i aria-hidden=\"true\" class=\"far fa-clock\"><\/i><\/div><!-- Story Arrow --><div class=\"twae-arrow\"><\/div><!-- Start of Story Content --><div class=\"twae-content\"><!-- Story Title --><div class=\"twae-title\">\u0110\u00f3ng g\u00f3i v\u00e0 v\u1eadn chuy\u1ec3n<\/div><!-- Story Image --><div class=\"twae-media large\"><img decoding=\"async\" width=\"800\" height=\"407\" src=\"https:\/\/urexceed.com\/wp-content\/uploads\/2024\/11\/packeging-1024x521.jpg\" class=\"attachment-large size-large\" alt=\"\u0110\u00f3ng g\u00f3i v\u00e0 v\u1eadn chuy\u1ec3n\" srcset=\"https:\/\/urexceed.com\/wp-content\/uploads\/2024\/11\/packeging-1024x521.jpg 1024w, https:\/\/urexceed.com\/wp-content\/uploads\/2024\/11\/packeging-300x153.jpg 300w, https:\/\/urexceed.com\/wp-content\/uploads\/2024\/11\/packeging-768x391.jpg 768w, https:\/\/urexceed.com\/wp-content\/uploads\/2024\/11\/packeging-1536x781.jpg 1536w, https:\/\/urexceed.com\/wp-content\/uploads\/2024\/11\/packeging-2048x1042.jpg 2048w, https:\/\/urexceed.com\/wp-content\/uploads\/2024\/11\/packeging-600x305.jpg 600w\" sizes=\"(max-width: 800px) 100vw, 800px\" \/><\/div><!-- Story Description --><div class=\"twae-description\"><ul><li>Ch\u1ecdn bao b\u00ec ph\u00f9 h\u1ee3p theo c\u00e1c ph\u01b0\u01a1ng th\u1ee9c v\u1eadn chuy\u1ec3n kh\u00e1c nhau v\u00e0 giao thi\u1ebft b\u1ecb \u0111\u1ebfn \u0111\u1ecba \u0111i\u1ec3m do kh\u00e1ch h\u00e0ng ch\u1ec9 \u0111\u1ecbnh.<\/li><li>Theo d\u00f5i th\u00f4ng tin h\u1eadu c\u1ea7n \u0111\u1ec3 \u0111\u1ea3m b\u1ea3o kh\u00e1ch h\u00e0ng c\u00f3 th\u1ec3 n\u1eafm \u0111\u01b0\u1ee3c t\u00ecnh tr\u1ea1ng h\u00e0ng h\u00f3a b\u1ea5t c\u1ee9 l\u00fac n\u00e0o.<\/li><\/ul><\/div><\/div><\/div><!-- Start of Story Repeater Content --><div id=\"story-4ac28eb\" class=\"twae-story twae-repeater-item twae-story-left twae-story-no-icon\"><!-- Story Icon --><div class=\"twae-icon\"><i aria-hidden=\"true\" class=\"far fa-clock\"><\/i><\/div><!-- Story Arrow --><div class=\"twae-arrow\"><\/div><!-- Start of Story Content --><div class=\"twae-content\"><!-- Story Title --><div class=\"twae-title\">Th\u00f4ng b\u00e1o \u0111\u1ebfn<\/div><!-- Story Image --><div class=\"twae-media large\"><img decoding=\"async\" width=\"259\" height=\"194\" src=\"https:\/\/urexceed.com\/wp-content\/uploads\/2024\/11\/images-1.jpg\" class=\"attachment-large size-large\" alt=\"Th\u00f4ng b\u00e1o \u0111\u1ebfn\" \/><\/div><!-- Story Description --><div class=\"twae-description\"><ul><li>Th\u00f4ng b\u00e1o cho kh\u00e1ch h\u00e0ng v\u1ec1 th\u00f4ng tin thi\u1ebft b\u1ecb \u0111\u1ebfn v\u00e0 s\u1eafp x\u1ebfp vi\u1ec7c d\u1ee1 h\u00e0ng v\u00e0 l\u01b0u kho.<\/li><li>Cung c\u1ea5p danh s\u00e1ch \u0111\u00f3ng g\u00f3i thi\u1ebft b\u1ecb v\u00e0 t\u00e0i li\u1ec7u k\u1ef9 thu\u1eadt li\u00ean quan.<\/li><\/ul><\/div><\/div><\/div><!-- Start of Story Repeater Content --><div id=\"story-821af78\" class=\"twae-story twae-repeater-item twae-story-right twae-story-no-icon\"><!-- Story Icon --><div class=\"twae-icon\"><i aria-hidden=\"true\" class=\"far fa-clock\"><\/i><\/div><!-- Story Arrow --><div class=\"twae-arrow\"><\/div><!-- Start of Story Content --><div class=\"twae-content\"><!-- Story Title --><div class=\"twae-title\">C\u00e0i \u0111\u1eb7t v\u00e0 g\u1ee1 l\u1ed7i<\/div><!-- Story Image --><div class=\"twae-media large\"><img decoding=\"async\" width=\"800\" height=\"600\" src=\"https:\/\/urexceed.com\/wp-content\/uploads\/2024\/11\/neck-rest-pillow-ring-production-line-machine.jpg\" class=\"attachment-large size-large\" alt=\"C\u00e0i \u0111\u1eb7t v\u00e0 g\u1ee1 l\u1ed7i\" srcset=\"https:\/\/urexceed.com\/wp-content\/uploads\/2024\/11\/neck-rest-pillow-ring-production-line-machine.jpg 800w, https:\/\/urexceed.com\/wp-content\/uploads\/2024\/11\/neck-rest-pillow-ring-production-line-machine-300x225.jpg 300w, https:\/\/urexceed.com\/wp-content\/uploads\/2024\/11\/neck-rest-pillow-ring-production-line-machine-768x576.jpg 768w, https:\/\/urexceed.com\/wp-content\/uploads\/2024\/11\/neck-rest-pillow-ring-production-line-machine-600x450.jpg 600w\" sizes=\"(max-width: 800px) 100vw, 800px\" \/><\/div><!-- Story Description --><div class=\"twae-description\"><ul><li>S\u1eafp x\u1ebfp \u0111\u1ed9i ng\u0169 k\u1ef9 thu\u1eadt \u0111\u1ebfn t\u1eadn n\u01a1i kh\u00e1ch h\u00e0ng \u0111\u1ec3 l\u1eafp \u0111\u1eb7t thi\u1ebft b\u1ecb.<\/li><li>Ti\u1ebfn h\u00e0nh g\u1ee1 l\u1ed7i thi\u1ebft b\u1ecb \u0111\u1ec3 \u0111\u1ea3m b\u1ea3o thi\u1ebft b\u1ecb ho\u1ea1t \u0111\u1ed9ng b\u00ecnh th\u01b0\u1eddng v\u00e0 \u0111\u00e0o t\u1ea1o ng\u01b0\u1eddi v\u1eadn h\u00e0nh.<\/li><\/ul><\/div><\/div><\/div><!-- Start of Story Repeater Content --><div id=\"story-1bed9ab\" class=\"twae-story twae-repeater-item twae-story-left twae-story-no-icon\"><!-- Story Icon --><div class=\"twae-icon\"><i aria-hidden=\"true\" class=\"far fa-clock\"><\/i><\/div><!-- Story Arrow --><div class=\"twae-arrow\"><\/div><!-- Start of Story Content --><div class=\"twae-content\"><!-- Story Title --><div class=\"twae-title\">Ch\u1ea5p nh\u1eadn v\u00e0 giao h\u00e0ng<\/div><!-- Story Image --><div class=\"twae-media large\"><img decoding=\"async\" width=\"800\" height=\"600\" src=\"https:\/\/urexceed.com\/wp-content\/uploads\/2024\/12\/Acceptance-And-Delivery.jpg\" class=\"attachment-large size-large\" alt=\"Ch\u1ea5p nh\u1eadn v\u00e0 giao h\u00e0ng\" srcset=\"https:\/\/urexceed.com\/wp-content\/uploads\/2024\/12\/Acceptance-And-Delivery.jpg 854w, https:\/\/urexceed.com\/wp-content\/uploads\/2024\/12\/Acceptance-And-Delivery-300x225.jpg 300w, https:\/\/urexceed.com\/wp-content\/uploads\/2024\/12\/Acceptance-And-Delivery-768x576.jpg 768w, https:\/\/urexceed.com\/wp-content\/uploads\/2024\/12\/Acceptance-And-Delivery-600x450.jpg 600w\" sizes=\"(max-width: 800px) 100vw, 800px\" \/><\/div><!-- Story Description --><div class=\"twae-description\"><ul><li>Ti\u1ebfn h\u00e0nh nghi\u1ec7m thu thi\u1ebft b\u1ecb c\u00f9ng v\u1edbi kh\u00e1ch h\u00e0ng \u0111\u1ec3 x\u00e1c nh\u1eadn thi\u1ebft b\u1ecb \u0111\u00e1p \u1ee9ng c\u00e1c y\u00eau c\u1ea7u c\u1ee7a h\u1ee3p \u0111\u1ed3ng.<\/li><li>Ch\u00ednh th\u1ee9c b\u00e0n giao thi\u1ebft b\u1ecb v\u00e0 ho\u00e0n t\u1ea5t vi\u1ec7c k\u00fd k\u1ebft c\u00e1c v\u0103n b\u1ea3n li\u00ean quan.<\/li><\/ul><\/div><\/div><\/div><!-- Start of Story Repeater Content --><div id=\"story-2af4246\" class=\"twae-story twae-repeater-item twae-story-right twae-story-no-icon\"><!-- Story Icon --><div class=\"twae-icon\"><i aria-hidden=\"true\" class=\"far fa-clock\"><\/i><\/div><!-- Story Arrow --><div class=\"twae-arrow\"><\/div><!-- Start of Story Content --><div class=\"twae-content\"><!-- Story Title --><div class=\"twae-title\">D\u1ecbch v\u1ee5 sau b\u00e1n h\u00e0ng<\/div><!-- Story Image --><div class=\"twae-media large\"><img decoding=\"async\" width=\"800\" height=\"365\" src=\"https:\/\/urexceed.com\/wp-content\/uploads\/2024\/11\/20889-good-feedback-customer-service-1024x467.png\" class=\"attachment-large size-large\" alt=\"D\u1ecbch v\u1ee5 sau b\u00e1n h\u00e0ng\" srcset=\"https:\/\/urexceed.com\/wp-content\/uploads\/2024\/11\/20889-good-feedback-customer-service-1024x467.png 1024w, https:\/\/urexceed.com\/wp-content\/uploads\/2024\/11\/20889-good-feedback-customer-service-768x350.png 768w\" sizes=\"(max-width: 800px) 100vw, 800px\" \/><\/div><!-- Story Description --><div class=\"twae-description\"><ul><li>Cung c\u1ea5p d\u1ecbch v\u1ee5 b\u1ea3o h\u00e0nh m\u1ed9t n\u0103m v\u00e0 k\u1ebf ho\u1ea1ch b\u1ea3o tr\u00ec th\u01b0\u1eddng xuy\u00ean.<\/li><li>N\u1ebfu kh\u00e1ch h\u00e0ng g\u1eb7p s\u1ef1 c\u1ed1, ch\u00fang t\u00f4i cung c\u1ea5p d\u1ecbch v\u1ee5 h\u1ed7 tr\u1ee3 k\u1ef9 thu\u1eadt v\u00e0 kh\u1eafc ph\u1ee5c s\u1ef1 c\u1ed1.<\/li><\/ul><\/div><\/div><\/div><!-- Start of Story Repeater Content --><div id=\"story-7a80189\" class=\"twae-story twae-repeater-item twae-story-left twae-story-no-icon\"><!-- Story Icon --><div class=\"twae-icon\"><i aria-hidden=\"true\" class=\"far fa-clock\"><\/i><\/div><!-- Story Arrow --><div class=\"twae-arrow\"><\/div><!-- Start of Story Content --><div class=\"twae-content\"><!-- Story Title --><div class=\"twae-title\">Ph\u1ea3n h\u1ed3i c\u1ee7a kh\u00e1ch h\u00e0ng v\u00e0 duy tr\u00ec m\u1ed1i quan h\u1ec7<\/div><!-- Story Image --><div class=\"twae-media large\"><img decoding=\"async\" width=\"275\" height=\"183\" src=\"https:\/\/urexceed.com\/wp-content\/uploads\/2024\/11\/images-2-1.jpg\" class=\"attachment-large size-large\" alt=\"Ph\u1ea3n h\u1ed3i c\u1ee7a kh\u00e1ch h\u00e0ng v\u00e0 duy tr\u00ec m\u1ed1i quan h\u1ec7\" \/><\/div><!-- Story Description --><div class=\"twae-description\"><ul><li>Quay l\u1ea1i th\u0103m kh\u00e1ch h\u00e0ng 3 th\u00e1ng m\u1ed9t l\u1ea7n \u0111\u1ec3 t\u00ecm hi\u1ec3u v\u1ec1 ho\u1ea1t \u0111\u1ed9ng c\u1ee7a thi\u1ebft b\u1ecb v\u00e0 m\u1ee9c \u0111\u1ed9 h\u00e0i l\u00f2ng c\u1ee7a kh\u00e1ch h\u00e0ng.<\/li><li>Thu th\u1eadp ph\u1ea3n h\u1ed3i c\u1ee7a kh\u00e1ch h\u00e0ng \u0111\u1ec3 l\u00e0m c\u01a1 s\u1edf cho vi\u1ec7c c\u1ea3i ti\u1ebfn s\u1ea3n ph\u1ea9m v\u00e0 t\u1ed1i \u01b0u h\u00f3a d\u1ecbch v\u1ee5 sau n\u00e0y.<\/li><li>Gi\u00fap kh\u00e1ch h\u00e0ng ph\u00e1t tri\u1ec3n c\u00e1c k\u1ebf ho\u1ea1ch ti\u1ebfp th\u1ecb kh\u1ea3 thi v\u00e0 gi\u1ea3i quy\u1ebft c\u00e1c v\u1ea5n \u0111\u1ec1 b\u00e1n h\u00e0ng c\u1ee7a kh\u00e1ch h\u00e0ng<\/li><\/ul><\/div><\/div><\/div><\/div>\n    <div class=\"twae-end\"><\/div>\n    <\/div><style type=\"text\/css\">@media (max-width: 1024px){ .twae-wrapper{--tw-ybx-size: 80px !important;}}@media (max-width: 767px){ .twae-wrapper{--tw-ybx-size: 80px !important}}<\/style>\t\t\t\t<\/div>\n\t\t\t\t<\/div>\n\t\t\t\t\t<\/div>\n\t\t<\/div>\n\t\t\t\t\t<\/div>\n\t\t<\/section>\n\t\t\t\t<\/div>","protected":false},"excerpt":{"rendered":"<p>Order Process Inquiry stageCustomers initiate inquiries via phone, email or online platform.The sales team records customer needs, including product type, specifications, quantity, delivery date, etc.Analyze RequirementsSales staff communicate with customers to gain an in-depth understanding of their specific needs and application scenarios.Provide technical support and answer customer questions.Provide ROI calculations and conduct feasibility studies and [&hellip;]<\/p>","protected":false},"author":1,"featured_media":0,"parent":0,"menu_order":0,"comment_status":"closed","ping_status":"closed","template":"","meta":{"_seopress_robots_primary_cat":"","_seopress_titles_title":"","_seopress_titles_desc":"","_seopress_robots_index":"","footnotes":""},"class_list":["post-1764","page","type-page","status-publish","hentry"],"_seopress_analysis_target_kw":null,"_seopress_titles_desc":null,"_links":{"self":[{"href":"https:\/\/urexceed.com\/vi\/wp-json\/wp\/v2\/pages\/1764","targetHints":{"allow":["GET"]}}],"collection":[{"href":"https:\/\/urexceed.com\/vi\/wp-json\/wp\/v2\/pages"}],"about":[{"href":"https:\/\/urexceed.com\/vi\/wp-json\/wp\/v2\/types\/page"}],"author":[{"embeddable":true,"href":"https:\/\/urexceed.com\/vi\/wp-json\/wp\/v2\/users\/1"}],"replies":[{"embeddable":true,"href":"https:\/\/urexceed.com\/vi\/wp-json\/wp\/v2\/comments?post=1764"}],"version-history":[{"count":16,"href":"https:\/\/urexceed.com\/vi\/wp-json\/wp\/v2\/pages\/1764\/revisions"}],"predecessor-version":[{"id":8573,"href":"https:\/\/urexceed.com\/vi\/wp-json\/wp\/v2\/pages\/1764\/revisions\/8573"}],"wp:attachment":[{"href":"https:\/\/urexceed.com\/vi\/wp-json\/wp\/v2\/media?parent=1764"}],"curies":[{"name":"trang web","href":"https:\/\/api.w.org\/{rel}","templated":true}]}}